{"id":25802,"date":"2019-03-28T15:03:15","date_gmt":"2019-03-28T12:03:15","guid":{"rendered":"https:\/\/www.sbydanismanlik.com\/404-sayfa-bulunamadi\/"},"modified":"2020-06-20T23:25:14","modified_gmt":"2020-06-20T20:25:14","slug":"404-sayfa-bulunamadi","status":"publish","type":"page","link":"https:\/\/www.sbydanismanlik.com\/en\/404-sayfa-bulunamadi\/","title":{"rendered":"404 Page Not Found"},"content":{"rendered":"<p>[vc_row full_width=&#8221;stretch_row&#8221; full_height=&#8221;yes&#8221; css=&#8221;.vc_custom_1553774581337{margin-bottom: 0px !important;background: #f0f3f2 url(http:\/\/sbydanismanlik.com\/wp-content\/uploads\/2019\/03\/page_404_light_bg-1.png?id=24824) !important;background-position: center !important;background-repeat: no-repeat !important;background-size: cover !important;}&#8221;][vc_column offset=&#8221;vc_col-lg-offset-2 vc_col-lg-8&#8243;]<div class=\"gem-textbox  centered-box\"  ><div class=\"gem-textbox-inner\" style=\"\"><div class=\"gem-textbox-content\" style=\"background-position: center top;padding-top: 100px;padding-bottom: 100px;padding-left: 0px;padding-right: 0px;\">[vc_raw_html]JTNDc3ZnJTIwdmlld0JveCUzRCUyMjAlMjAwJTIwNjAwJTIwMTcwJTIyJTNFJTBBJTBBJTIwJTIwJTNDJTIxLS0lMjBHcmFkaWVudCUyMC0tJTNFJTBBJTIwJTIwJTNDbGluZWFyR3JhZGllbnQlMjBpZCUzRCUyMmdyLXNpbXBsZSUyMiUyMHgxJTNEJTIyMCUyMiUyMHkxJTNEJTIyMCUyMiUyMHgyJTNEJTIyMTAwJTI1JTIyJTIweTIlM0QlMjIxMDAlMjUlMjIlM0UlMEElMjAlMjAlMjAlMjAlM0NzdG9wJTIwc3RvcC1jb2xvciUzRCUyMiUyMzk1NzVjZCUyMiUyMG9mZnNldCUzRCUyMjAlMjUlMjIlMkYlM0UlMEElMjAlMjAlMjAlMjAlM0NzdG9wJTIwc3RvcC1jb2xvciUzRCUyMiUyMzAwYmNkNCUyMiUyMG9mZnNldCUzRCUyMjEwMCUyNSUyMiUyRiUzRSUwQSUyMCUyMCUzQyUyRmxpbmVhckdyYWRpZW50JTNFJTBBJTBBJTIwJTIwJTNDJTIxLS0lMjBUZXh0JTIwLS0lM0UlMEElMjAlMjAlM0N0ZXh0JTIwdGV4dC1hbmNob3IlM0QlMjJtaWRkbGUlMjIlMEElMjAlMjAlMjAlMjAlMjAlMjAlMjAlMjB4JTNEJTIyNTAlMjUlMjIlMEElMjAlMjAlMjAlMjAlMjAlMjAlMjAlMjB5JTNEJTIyNTAlMjUlMjIlMEElMjAlMjAlMjAlMjAlMjAlMjAlMjAlMjBkeSUzRCUyMi4zNWVtJTIyJTBBJTIwJTIwJTIwJTIwJTIwJTIwJTIwJTIwY2xhc3MlM0QlMjJ0ZXh0JTIwdGl0bGUtaDElMjBsaWdodCUyMiUwQSUyMCUyMCUyMCUyMCUyMCUyMCUyMCUyMHN0eWxlJTNEJTIyZmlsbCUzQSUyMHVybCUyOCUyM2dyLXNpbXBsZSUyOSUzQiUyMGZvbnQtc2l6ZSUzQSUyMDIzMHB4JTNCJTIwbGluZS1oZWlnaHQlM0ElMjAxJTNCJTIyJTBBJTIwJTIwJTIwJTIwJTIwJTIwJTIwJTIwJTNFJTBBJTIwJTIwJTIwJTIwNDA0JTBBJTIwJTIwJTNDJTJGdGV4dCUzRSUwQSUzQyUyRnN2ZyUzRQ==[\/vc_raw_html][vc_column_text]<\/p>\n<div class=\"title-h1\">ARADI\u011eINIZ SAYFA BULUNAMADI!<\/div>\n<p>[\/vc_column_text][vc_column_text]<\/p>\n<div class=\"styled-subtitle\">We apologize. We couldn&#8217;t find the page you were looking for, \u00a0<a style=\"color: #ffffff; background-color: #9575cd; padding: 2px 10px;\" href=\"https:\/\/www.sbydanismanlik.com\/\">HOME<\/a>\u00a0 click to go.<\/div>\n<p>[\/vc_column_text]<div class=\"gem-search-form gem-search-form-style-light gem-search-form-alignment-center\"><form role=\"search\" method=\"get\" class=\"search-form\" action=\"https:\/\/www.sbydanismanlik.com\/en\/\"><input class=\"search-field\" type=\"search\" name=\"s\" placeholder=\"Search...\" \/><button class=\"search-submit\" type=\"submit\"><\/button><\/form><\/div><\/div><\/div><\/div>[\/vc_column][\/vc_row]<\/p>\n","protected":false},"excerpt":{"rendered":"<p>[vc_row full_width=&#8221;stretch_row&#8221; full_height=&#8221;yes&#8221; css=&#8221;.vc_custom_1553774581337{margin-bottom: 0px !important;background: #f0f3f2 url(http:\/\/sbydanismanlik.com\/wp-content\/uploads\/2019\/03\/page_404_light_bg-1.png?id=24824) !important;background-position: center !important;background-repeat: no-repeat !important;background-size: cover !important;}&#8221;][vc_column offset=&#8221;vc_col-lg-offset-2 vc_col-lg-8&#8243;][\/vc_column][\/vc_row]<\/p>\n","protected":false},"author":2,"featured_media":0,"parent":0,"menu_order":0,"comment_status":"closed","ping_status":"closed","template":"","meta":{"footnotes":""},"class_list":["post-25802","page","type-page","status-publish"],"yoast_head":"<!-- This site is optimized with the Yoast SEO plugin v27.5 - https:\/\/yoast.com\/product\/yoast-seo-wordpress\/ -->\n<title>404 Page Not Found - SBY Dan\u0131\u015fmanl\u0131k<\/title>\n<meta name=\"robots\" content=\"index, follow, max-snippet:-1, max-image-preview:large, max-video-preview:-1\" \/>\n<link rel=\"canonical\" href=\"https:\/\/www.sbydanismanlik.com\/en\/404-sayfa-bulunamadi\/\" \/>\n<meta property=\"og:locale\" content=\"en_US\" \/>\n<meta property=\"og:type\" content=\"article\" \/>\n<meta property=\"og:title\" content=\"404 Page Not Found - SBY Dan\u0131\u015fmanl\u0131k\" \/>\n<meta property=\"og:description\" content=\"[vc_row full_width=&#8221;stretch_row&#8221; full_height=&#8221;yes&#8221; css=&#8221;.vc_custom_1553774581337{margin-bottom: 0px !important;background: #f0f3f2 url(http:\/\/sbydanismanlik.com\/wp-content\/uploads\/2019\/03\/page_404_light_bg-1.png?id=24824) !important;background-position: center !important;background-repeat: no-repeat !important;background-size: cover !important;}&#8221;][vc_column offset=&#8221;vc_col-lg-offset-2 vc_col-lg-8&#8243;][\/vc_column][\/vc_row]\" \/>\n<meta property=\"og:url\" content=\"https:\/\/www.sbydanismanlik.com\/en\/404-sayfa-bulunamadi\/\" \/>\n<meta property=\"og:site_name\" content=\"SBY Dan\u0131\u015fmanl\u0131k\" \/>\n<meta property=\"article:modified_time\" content=\"2020-06-20T20:25:14+00:00\" \/>\n<meta name=\"twitter:card\" content=\"summary_large_image\" \/>\n<meta name=\"twitter:label1\" content=\"Est. reading time\" \/>\n\t<meta name=\"twitter:data1\" content=\"1 minute\" \/>\n<script type=\"application\/ld+json\" class=\"yoast-schema-graph\">{\"@context\":\"https:\\\/\\\/schema.org\",\"@graph\":[{\"@type\":\"WebPage\",\"@id\":\"https:\\\/\\\/www.sbydanismanlik.com\\\/en\\\/404-sayfa-bulunamadi\\\/\",\"url\":\"https:\\\/\\\/www.sbydanismanlik.com\\\/en\\\/404-sayfa-bulunamadi\\\/\",\"name\":\"404 Page Not Found - SBY Dan\u0131\u015fmanl\u0131k\",\"isPartOf\":{\"@id\":\"https:\\\/\\\/www.sbydanismanlik.com\\\/en\\\/#website\"},\"datePublished\":\"2019-03-28T12:03:15+00:00\",\"dateModified\":\"2020-06-20T20:25:14+00:00\",\"breadcrumb\":{\"@id\":\"https:\\\/\\\/www.sbydanismanlik.com\\\/en\\\/404-sayfa-bulunamadi\\\/#breadcrumb\"},\"inLanguage\":\"en-US\",\"potentialAction\":[{\"@type\":\"ReadAction\",\"target\":[\"https:\\\/\\\/www.sbydanismanlik.com\\\/en\\\/404-sayfa-bulunamadi\\\/\"]}]},{\"@type\":\"BreadcrumbList\",\"@id\":\"https:\\\/\\\/www.sbydanismanlik.com\\\/en\\\/404-sayfa-bulunamadi\\\/#breadcrumb\",\"itemListElement\":[{\"@type\":\"ListItem\",\"position\":1,\"name\":\"Ana sayfa\",\"item\":\"https:\\\/\\\/www.sbydanismanlik.com\\\/en\\\/\"},{\"@type\":\"ListItem\",\"position\":2,\"name\":\"404 Page Not Found\"}]},{\"@type\":\"WebSite\",\"@id\":\"https:\\\/\\\/www.sbydanismanlik.com\\\/en\\\/#website\",\"url\":\"https:\\\/\\\/www.sbydanismanlik.com\\\/en\\\/\",\"name\":\"SBY Dan\u0131\u015fmanl\u0131k\",\"description\":\"SBY Dan\u0131\u015fmanl\u0131k Terc\u00fcme Hizmetleri\",\"potentialAction\":[{\"@type\":\"SearchAction\",\"target\":{\"@type\":\"EntryPoint\",\"urlTemplate\":\"https:\\\/\\\/www.sbydanismanlik.com\\\/en\\\/?s={search_term_string}\"},\"query-input\":{\"@type\":\"PropertyValueSpecification\",\"valueRequired\":true,\"valueName\":\"search_term_string\"}}],\"inLanguage\":\"en-US\"}]}<\/script>\n<!-- \/ Yoast SEO plugin. -->","yoast_head_json":{"title":"404 Page Not Found - SBY Dan\u0131\u015fmanl\u0131k","robots":{"index":"index","follow":"follow","max-snippet":"max-snippet:-1","max-image-preview":"max-image-preview:large","max-video-preview":"max-video-preview:-1"},"canonical":"https:\/\/www.sbydanismanlik.com\/en\/404-sayfa-bulunamadi\/","og_locale":"en_US","og_type":"article","og_title":"404 Page Not Found - SBY Dan\u0131\u015fmanl\u0131k","og_description":"[vc_row full_width=&#8221;stretch_row&#8221; full_height=&#8221;yes&#8221; css=&#8221;.vc_custom_1553774581337{margin-bottom: 0px !important;background: #f0f3f2 url(http:\/\/sbydanismanlik.com\/wp-content\/uploads\/2019\/03\/page_404_light_bg-1.png?id=24824) !important;background-position: center !important;background-repeat: no-repeat !important;background-size: cover !important;}&#8221;][vc_column offset=&#8221;vc_col-lg-offset-2 vc_col-lg-8&#8243;][\/vc_column][\/vc_row]","og_url":"https:\/\/www.sbydanismanlik.com\/en\/404-sayfa-bulunamadi\/","og_site_name":"SBY Dan\u0131\u015fmanl\u0131k","article_modified_time":"2020-06-20T20:25:14+00:00","twitter_card":"summary_large_image","twitter_misc":{"Est. reading time":"1 minute"},"schema":{"@context":"https:\/\/schema.org","@graph":[{"@type":"WebPage","@id":"https:\/\/www.sbydanismanlik.com\/en\/404-sayfa-bulunamadi\/","url":"https:\/\/www.sbydanismanlik.com\/en\/404-sayfa-bulunamadi\/","name":"404 Page Not Found - SBY Dan\u0131\u015fmanl\u0131k","isPartOf":{"@id":"https:\/\/www.sbydanismanlik.com\/en\/#website"},"datePublished":"2019-03-28T12:03:15+00:00","dateModified":"2020-06-20T20:25:14+00:00","breadcrumb":{"@id":"https:\/\/www.sbydanismanlik.com\/en\/404-sayfa-bulunamadi\/#breadcrumb"},"inLanguage":"en-US","potentialAction":[{"@type":"ReadAction","target":["https:\/\/www.sbydanismanlik.com\/en\/404-sayfa-bulunamadi\/"]}]},{"@type":"BreadcrumbList","@id":"https:\/\/www.sbydanismanlik.com\/en\/404-sayfa-bulunamadi\/#breadcrumb","itemListElement":[{"@type":"ListItem","position":1,"name":"Ana sayfa","item":"https:\/\/www.sbydanismanlik.com\/en\/"},{"@type":"ListItem","position":2,"name":"404 Page Not Found"}]},{"@type":"WebSite","@id":"https:\/\/www.sbydanismanlik.com\/en\/#website","url":"https:\/\/www.sbydanismanlik.com\/en\/","name":"SBY Dan\u0131\u015fmanl\u0131k","description":"SBY Dan\u0131\u015fmanl\u0131k Terc\u00fcme Hizmetleri","potentialAction":[{"@type":"SearchAction","target":{"@type":"EntryPoint","urlTemplate":"https:\/\/www.sbydanismanlik.com\/en\/?s={search_term_string}"},"query-input":{"@type":"PropertyValueSpecification","valueRequired":true,"valueName":"search_term_string"}}],"inLanguage":"en-US"}]}},"_links":{"self":[{"href":"https:\/\/www.sbydanismanlik.com\/en\/wp-json\/wp\/v2\/pages\/25802","targetHints":{"allow":["GET"]}}],"collection":[{"href":"https:\/\/www.sbydanismanlik.com\/en\/wp-json\/wp\/v2\/pages"}],"about":[{"href":"https:\/\/www.sbydanismanlik.com\/en\/wp-json\/wp\/v2\/types\/page"}],"author":[{"embeddable":true,"href":"https:\/\/www.sbydanismanlik.com\/en\/wp-json\/wp\/v2\/users\/2"}],"replies":[{"embeddable":true,"href":"https:\/\/www.sbydanismanlik.com\/en\/wp-json\/wp\/v2\/comments?post=25802"}],"version-history":[{"count":3,"href":"https:\/\/www.sbydanismanlik.com\/en\/wp-json\/wp\/v2\/pages\/25802\/revisions"}],"predecessor-version":[{"id":25806,"href":"https:\/\/www.sbydanismanlik.com\/en\/wp-json\/wp\/v2\/pages\/25802\/revisions\/25806"}],"wp:attachment":[{"href":"https:\/\/www.sbydanismanlik.com\/en\/wp-json\/wp\/v2\/media?parent=25802"}],"curies":[{"name":"wp","href":"https:\/\/api.w.org\/{rel}","templated":true}]}}