{"id":25760,"date":"2018-11-26T16:08:12","date_gmt":"2018-11-26T13:08:12","guid":{"rendered":"https:\/\/www.sbydanismanlik.com\/blog-haberleri\/blog\/"},"modified":"2020-06-20T22:09:31","modified_gmt":"2020-06-20T19:09:31","slug":"blog","status":"publish","type":"page","link":"https:\/\/www.sbydanismanlik.com\/en\/blog-haberleri\/blog\/","title":{"rendered":"BLOG"},"content":{"rendered":"<p>[vc_row][vc_column]<div class=\"clearboth\"><\/div><div class=\"gem-divider \" style=\"margin-top: 15px;\"><\/div><div class=\"preloader\"><div class=\"preloader-spin\"><\/div><\/div> <div class=\"portfolio-preloader-wrapper\"> <div data-per-page=\"8\" data-portfolio-uid=\"ff32f99\" class=\"portfolio news-grid no-padding portfolio-pagination-more portfolio-style-justified background-style-transparent title-style-light hover-default item-animation-move-up title-on-page version-default columns-2\" data-hover=\"default\" data-next-page=\"0\"> <div class=\"portfilio-top-panel\" ><div class=\"portfilio-top-panel-row\"> <div class=\"portfilio-top-panel-left\"> <div class=\"portfolio-filters\"> <a href=\"#\" data-filter=\"*\" class=\"active all title-h6\"><i class=\"gem-print-icon gem-icon-pack-thegem-icons gem-icon-portfolio-show-all \"><\/i><span class=\"light\">Show All<\/span><\/a> <a href=\"#\" data-filter=\".blog-en\" class=\"title-h6\"><span class=\"light\">Blog<\/span><\/a> <\/div> <div class=\"portfolio-filters-resp\"> <button class=\"menu-toggle dl-trigger\">News filters<span class=\"menu-line-1\"><\/span><span class=\"menu-line-2\"><\/span><span class=\"menu-line-3\"><\/span><\/button> <ul class=\"dl-menu\"> <li><a href=\"#\" data-filter=\"*\">Show All<\/a><\/li> <li><a href=\"#\" data-filter=\".blog-en\">Blog<\/a><\/li> <\/ul> <\/div> <\/div> <div class=\"portfilio-top-panel-right\"> <div class=\"portfolio-sorting title-h6\"> <div class=\"orderby light\"> <label for=\"\" data-value=\"date\">Date<\/label> <a href=\"javascript:void(0);\" class=\"sorting-switcher\" data-current=\"date\"><\/a> <label for=\"\" data-value=\"name\">Name<\/label> <\/div> <div class=\"portfolio-sorting-sep\"><\/div> <div class=\"order light\"> <label for=\"\" data-value=\"DESC\">Desc<\/label> <a href=\"javascript:void(0);\" class=\"sorting-switcher\" data-current=\"DESC\"><\/a> <label for=\"\" data-value=\"ASC\">Asc<\/label> <\/div> <\/div> <\/div> <\/div><\/div> <div class=\"\"> <div class=\"row\" style=\"margin: -21px;\"> <div class=\"portfolio-set clearfix\" data-max-row-height=\"380\"> <div class=\"portfolio-item blog-en col-sm-6 col-xs-12 item-animations-not-inited show-caption-border post-has-sets post-has-author post-25675 post type-post status-publish format-standard has-post-thumbnail category-blog-en\" style=\"padding: 21px;\" data-default-sort=\"0\" data-sort-date=\"1548246837\"> <div class=\"wrap clearfix\"> <div class=\"image post-25675 post type-post status-publish format-standard has-post-thumbnail category-blog-en\"> <div class=\"image-inner\"> <picture> <img decoding=\"async\" src=\"https:\/\/www.sbydanismanlik.com\/wp-content\/uploads\/2026\/05\/transparent-thegem-portfolio-justified.png\" width=\"844\" height=\"767\" class=\"attachment-thegem-portfolio-justified\" alt=\"WHAT\u2019S A PURPOSE OF GRAMMER IN LANGUAGE?\" \/> <\/picture> <div class=\"post-featured-content\"><a href=\"https:\/\/www.sbydanismanlik.com\/en\/whats-a-purpose-of-grammer-in-language\/\"> <picture> <source srcset=\"https:\/\/www.sbydanismanlik.com\/wp-content\/uploads\/2018\/11\/2-5-thegem-portfolio-justified-2x-500.jpg 1x, https:\/\/www.sbydanismanlik.com\/wp-content\/uploads\/2018\/11\/2-5-thegem-portfolio-justified.jpg 2x\" media=\"(max-width: 550px)\" sizes=\"100vw\"> <source srcset=\"https:\/\/www.sbydanismanlik.com\/wp-content\/uploads\/2018\/11\/2-5-thegem-portfolio-justified-2x.jpg 1x, https:\/\/www.sbydanismanlik.com\/wp-content\/uploads\/2018\/11\/2-5-thegem-portfolio-justified.jpg 2x\" media=\"(max-width: 1920px)\" sizes=\"100vw\"> <img decoding=\"async\" src=\"https:\/\/www.sbydanismanlik.com\/wp-content\/uploads\/2018\/11\/2-5-thegem-portfolio-justified.jpg\" width=\"844\" height=\"767\" class=\"img-responsive\" alt=\"2 (Demo)\" \/> <\/picture> <\/a><\/div> <\/div> <div class=\"overlay\"> <div class=\"overlay-circle\"><\/div> <div class=\"links-wrapper\"> <div class=\"links\"> <div class=\"caption\"> <a href=\"https:\/\/www.sbydanismanlik.com\/en\/whats-a-purpose-of-grammer-in-language\/\" class=\"portolio-item-link\"><\/a> <div class=\"grid-post-meta \"> <span class=\"post-meta-likes\"><a href=\"#\" class=\"zilla-likes\" id=\"zilla-likes-25675\" title=\"Like this\"><span class=\"zilla-likes-count\">0<\/span> <span class=\"zilla-likes-postfix\"><\/span><\/a><\/span> <\/div> <div class=\"description \"> <div class=\"subtitle\"> <p>By definition, grammar is a practical science that is responsible for the spelling, reading and proper use of the language. Grammar teaches us to use the language correctly.<\/p> <\/div> <\/div> <div class=\"post-author-outer\"> <div class=\"author\"> <span class=\"author-avatar\"><img alt='' src='https:\/\/secure.gravatar.com\/avatar\/1867852a80a6016086bb7e00f79f719fd1944c170f5d4cd375da1c9c2fe69e19?s=50&#038;d=mm&#038;r=g' srcset='https:\/\/secure.gravatar.com\/avatar\/1867852a80a6016086bb7e00f79f719fd1944c170f5d4cd375da1c9c2fe69e19?s=100&#038;d=mm&#038;r=g 2x' class='avatar avatar-50 photo' height='50' width='50' \/><\/span> <span class=\"author-name\">By admin<\/span> <\/div> <\/div> <\/div> <\/div> <\/div> <\/div> <\/div> <div class=\"caption post-25675 post type-post status-publish format-standard has-post-thumbnail category-blog-en\"> <div class=\"post-date\">23 January 2019<\/div> <div class=\"title\"> <div class=\"title-h6\"><a href=\"https:\/\/www.sbydanismanlik.com\/en\/whats-a-purpose-of-grammer-in-language\/\" rel=\"bookmark\">WHAT\u2019S A PURPOSE OF GRAMMER IN LANGUAGE?<\/a><\/div> <\/div> <div class=\"info\"> <a data-slug=\"blog-en\">Blog<\/a> <\/div> <\/div> <\/div> <\/div> <div class=\"portfolio-item blog-en col-sm-6 col-xs-12 item-animations-not-inited show-caption-border post-has-sets post-has-author post-25680 post type-post status-publish format-standard has-post-thumbnail category-blog-en\" style=\"padding: 21px;\" data-default-sort=\"0\" data-sort-date=\"1545841902\"> <div class=\"wrap clearfix\"> <div class=\"image post-25680 post type-post status-publish format-standard has-post-thumbnail category-blog-en\"> <div class=\"image-inner\"> <picture> <img decoding=\"async\" src=\"https:\/\/www.sbydanismanlik.com\/wp-content\/uploads\/2026\/05\/transparent-thegem-portfolio-justified.png\" width=\"844\" height=\"767\" class=\"attachment-thegem-portfolio-justified\" alt=\"HR CONSULTING SERVICES\" \/> <\/picture> <div class=\"post-featured-content\"><a href=\"https:\/\/www.sbydanismanlik.com\/en\/hr-consulting-services\/\"> <picture> <source srcset=\"https:\/\/www.sbydanismanlik.com\/wp-content\/uploads\/2018\/11\/5-5-thegem-portfolio-justified-2x-500.jpg 1x, https:\/\/www.sbydanismanlik.com\/wp-content\/uploads\/2018\/11\/5-5-thegem-portfolio-justified.jpg 2x\" media=\"(max-width: 550px)\" sizes=\"100vw\"> <source srcset=\"https:\/\/www.sbydanismanlik.com\/wp-content\/uploads\/2018\/11\/5-5-thegem-portfolio-justified-2x.jpg 1x, https:\/\/www.sbydanismanlik.com\/wp-content\/uploads\/2018\/11\/5-5-thegem-portfolio-justified.jpg 2x\" media=\"(max-width: 1920px)\" sizes=\"100vw\"> <img decoding=\"async\" src=\"https:\/\/www.sbydanismanlik.com\/wp-content\/uploads\/2018\/11\/5-5-thegem-portfolio-justified.jpg\" width=\"844\" height=\"767\" class=\"img-responsive\" alt=\"5 (Demo)\" \/> <\/picture> <\/a><\/div> <\/div> <div class=\"overlay\"> <div class=\"overlay-circle\"><\/div> <div class=\"links-wrapper\"> <div class=\"links\"> <div class=\"caption\"> <a href=\"https:\/\/www.sbydanismanlik.com\/en\/hr-consulting-services\/\" class=\"portolio-item-link\"><\/a> <div class=\"grid-post-meta \"> <span class=\"post-meta-likes\"><a href=\"#\" class=\"zilla-likes\" id=\"zilla-likes-25680\" title=\"Like this\"><span class=\"zilla-likes-count\">0<\/span> <span class=\"zilla-likes-postfix\"><\/span><\/a><\/span> <\/div> <div class=\"description \"> <div class=\"subtitle\"> <p>HR CONSULTING SERVICES, HUMAN RESOURCES CONSULTING SERVICES, Suitable employee selection will provide you with an advantage over your competitors. <\/p> <\/div> <\/div> <div class=\"post-author-outer\"> <div class=\"author\"> <span class=\"author-avatar\"><img alt='' src='https:\/\/secure.gravatar.com\/avatar\/1867852a80a6016086bb7e00f79f719fd1944c170f5d4cd375da1c9c2fe69e19?s=50&#038;d=mm&#038;r=g' srcset='https:\/\/secure.gravatar.com\/avatar\/1867852a80a6016086bb7e00f79f719fd1944c170f5d4cd375da1c9c2fe69e19?s=100&#038;d=mm&#038;r=g 2x' class='avatar avatar-50 photo' height='50' width='50' \/><\/span> <span class=\"author-name\">By admin<\/span> <\/div> <\/div> <\/div> <\/div> <\/div> <\/div> <\/div> <div class=\"caption post-25680 post type-post status-publish format-standard has-post-thumbnail category-blog-en\"> <div class=\"post-date\">26 December 2018<\/div> <div class=\"title\"> <div class=\"title-h6\"><a href=\"https:\/\/www.sbydanismanlik.com\/en\/hr-consulting-services\/\" rel=\"bookmark\">HR CONSULTING SERVICES<\/a><\/div> <\/div> <div class=\"info\"> <a data-slug=\"blog-en\">Blog<\/a> <\/div> <\/div> <\/div> <\/div> <div class=\"portfolio-item blog-en col-sm-6 col-xs-12 item-animations-not-inited show-caption-border post-has-sets post-has-author post-25683 post type-post status-publish format-standard has-post-thumbnail category-blog-en\" style=\"padding: 21px;\" data-default-sort=\"0\" data-sort-date=\"1543740349\"> <div class=\"wrap clearfix\"> <div class=\"image post-25683 post type-post status-publish format-standard has-post-thumbnail category-blog-en\"> <div class=\"image-inner\"> <picture> <img decoding=\"async\" src=\"https:\/\/www.sbydanismanlik.com\/wp-content\/uploads\/2026\/05\/transparent-thegem-portfolio-justified.png\" width=\"844\" height=\"767\" class=\"attachment-thegem-portfolio-justified\" alt=\"TRANSLATION SERVICES\" \/> <\/picture> <div class=\"post-featured-content\"><a href=\"https:\/\/www.sbydanismanlik.com\/en\/translation-services\/\"> <picture> <source srcset=\"https:\/\/www.sbydanismanlik.com\/wp-content\/uploads\/2018\/11\/7-3-thegem-portfolio-justified-2x-500.jpg 1x, https:\/\/www.sbydanismanlik.com\/wp-content\/uploads\/2018\/11\/7-3-thegem-portfolio-justified.jpg 2x\" media=\"(max-width: 550px)\" sizes=\"100vw\"> <source srcset=\"https:\/\/www.sbydanismanlik.com\/wp-content\/uploads\/2018\/11\/7-3-thegem-portfolio-justified-2x.jpg 1x, https:\/\/www.sbydanismanlik.com\/wp-content\/uploads\/2018\/11\/7-3-thegem-portfolio-justified.jpg 2x\" media=\"(max-width: 1920px)\" sizes=\"100vw\"> <img decoding=\"async\" src=\"https:\/\/www.sbydanismanlik.com\/wp-content\/uploads\/2018\/11\/7-3-thegem-portfolio-justified.jpg\" width=\"844\" height=\"767\" class=\"img-responsive\" alt=\"7 (Demo)\" \/> <\/picture> <\/a><\/div> <\/div> <div class=\"overlay\"> <div class=\"overlay-circle\"><\/div> <div class=\"links-wrapper\"> <div class=\"links\"> <div class=\"caption\"> <a href=\"https:\/\/www.sbydanismanlik.com\/en\/translation-services\/\" class=\"portolio-item-link\"><\/a> <div class=\"grid-post-meta \"> <span class=\"post-meta-likes\"><a href=\"#\" class=\"zilla-likes\" id=\"zilla-likes-25683\" title=\"Like this\"><span class=\"zilla-likes-count\">0<\/span> <span class=\"zilla-likes-postfix\"><\/span><\/a><\/span> <\/div> <div class=\"description \"> <div class=\"subtitle\"> <p>Translation is not only an art, it\u2019s a science. A good translator should have industry-specific knowledge and experience and the ability to grasp cultural differences, have excellent writing skills and follow the latest technologies.<\/p> <\/div> <\/div> <div class=\"post-author-outer\"> <div class=\"author\"> <span class=\"author-avatar\"><img alt='' src='https:\/\/secure.gravatar.com\/avatar\/1867852a80a6016086bb7e00f79f719fd1944c170f5d4cd375da1c9c2fe69e19?s=50&#038;d=mm&#038;r=g' srcset='https:\/\/secure.gravatar.com\/avatar\/1867852a80a6016086bb7e00f79f719fd1944c170f5d4cd375da1c9c2fe69e19?s=100&#038;d=mm&#038;r=g 2x' class='avatar avatar-50 photo' height='50' width='50' \/><\/span> <span class=\"author-name\">By admin<\/span> <\/div> <\/div> <\/div> <\/div> <\/div> <\/div> <\/div> <div class=\"caption post-25683 post type-post status-publish format-standard has-post-thumbnail category-blog-en\"> <div class=\"post-date\">2 December 2018<\/div> <div class=\"title\"> <div class=\"title-h6\"><a href=\"https:\/\/www.sbydanismanlik.com\/en\/translation-services\/\" rel=\"bookmark\">TRANSLATION SERVICES<\/a><\/div> <\/div> <div class=\"info\"> <a data-slug=\"blog-en\">Blog<\/a> <\/div> <\/div> <\/div> <\/div> <\/div><!-- .portflio-set --> <div class=\"portfolio-item-size-container\"> <div class=\"portfolio-item blog-en col-sm-6 col-xs-12 item-animations-not-inited show-caption-border post-has-author post-25683 post type-post status-publish format-standard has-post-thumbnail category-blog-en\"> <\/div> <\/div> <\/div><!-- .row--> <\/div><!-- .full-width --> <\/div><!-- .portfolio--> <\/div><!-- .portfolio-preloader-wrapper--><div class=\"clearboth\"><\/div><div class=\"gem-divider \" style=\"margin-top: 75px;\"><\/div>[\/vc_column][\/vc_row]<\/p>\n","protected":false},"excerpt":{"rendered":"<p>[vc_row][vc_column][\/vc_column][\/vc_row]<\/p>\n","protected":false},"author":2,"featured_media":0,"parent":25758,"menu_order":0,"comment_status":"closed","ping_status":"closed","template":"","meta":{"footnotes":""},"class_list":["post-25760","page","type-page","status-publish"],"yoast_head":"<!-- This site is optimized with the Yoast SEO plugin v27.5 - https:\/\/yoast.com\/product\/yoast-seo-wordpress\/ -->\n<title>BLOG - SBY Dan\u0131\u015fmanl\u0131k<\/title>\n<meta name=\"description\" content=\"Blog haberleri, profesyonel terc\u00fcme ve \u00e7eviri hizmetleri. yeminl tasdikli \u00e7eviri hizmeti, S\u00f6zl\u00fc ve yaz\u0131l\u0131 terc\u00fcme hizmetleri, Yaz\u0131l\u0131 ve S\u00f6zl\u00fc terc\u00fcme\" \/>\n<meta name=\"robots\" content=\"index, follow, max-snippet:-1, max-image-preview:large, max-video-preview:-1\" \/>\n<link rel=\"canonical\" href=\"https:\/\/www.sbydanismanlik.com\/en\/blog-haberleri\/blog\/\" \/>\n<meta property=\"og:locale\" content=\"en_US\" \/>\n<meta property=\"og:type\" content=\"article\" \/>\n<meta property=\"og:title\" content=\"BLOG - SBY Dan\u0131\u015fmanl\u0131k\" \/>\n<meta property=\"og:description\" content=\"Blog haberleri, profesyonel terc\u00fcme ve \u00e7eviri hizmetleri. yeminl tasdikli \u00e7eviri hizmeti, S\u00f6zl\u00fc ve yaz\u0131l\u0131 terc\u00fcme hizmetleri, Yaz\u0131l\u0131 ve S\u00f6zl\u00fc terc\u00fcme\" \/>\n<meta property=\"og:url\" content=\"https:\/\/www.sbydanismanlik.com\/en\/blog-haberleri\/blog\/\" \/>\n<meta property=\"og:site_name\" content=\"SBY Dan\u0131\u015fmanl\u0131k\" \/>\n<meta property=\"article:modified_time\" content=\"2020-06-20T19:09:31+00:00\" \/>\n<meta name=\"twitter:card\" content=\"summary_large_image\" \/>\n<script type=\"application\/ld+json\" class=\"yoast-schema-graph\">{\"@context\":\"https:\\\/\\\/schema.org\",\"@graph\":[{\"@type\":\"WebPage\",\"@id\":\"https:\\\/\\\/www.sbydanismanlik.com\\\/en\\\/blog-haberleri\\\/blog\\\/\",\"url\":\"https:\\\/\\\/www.sbydanismanlik.com\\\/en\\\/blog-haberleri\\\/blog\\\/\",\"name\":\"BLOG - SBY Dan\u0131\u015fmanl\u0131k\",\"isPartOf\":{\"@id\":\"https:\\\/\\\/www.sbydanismanlik.com\\\/en\\\/#website\"},\"datePublished\":\"2018-11-26T13:08:12+00:00\",\"dateModified\":\"2020-06-20T19:09:31+00:00\",\"description\":\"Blog haberleri, profesyonel terc\u00fcme ve \u00e7eviri hizmetleri. yeminl tasdikli \u00e7eviri hizmeti, S\u00f6zl\u00fc ve yaz\u0131l\u0131 terc\u00fcme hizmetleri, Yaz\u0131l\u0131 ve S\u00f6zl\u00fc terc\u00fcme\",\"breadcrumb\":{\"@id\":\"https:\\\/\\\/www.sbydanismanlik.com\\\/en\\\/blog-haberleri\\\/blog\\\/#breadcrumb\"},\"inLanguage\":\"en-US\",\"potentialAction\":[{\"@type\":\"ReadAction\",\"target\":[\"https:\\\/\\\/www.sbydanismanlik.com\\\/en\\\/blog-haberleri\\\/blog\\\/\"]}]},{\"@type\":\"BreadcrumbList\",\"@id\":\"https:\\\/\\\/www.sbydanismanlik.com\\\/en\\\/blog-haberleri\\\/blog\\\/#breadcrumb\",\"itemListElement\":[{\"@type\":\"ListItem\",\"position\":1,\"name\":\"Ana sayfa\",\"item\":\"https:\\\/\\\/www.sbydanismanlik.com\\\/en\\\/\"},{\"@type\":\"ListItem\",\"position\":2,\"name\":\"Blog News\",\"item\":\"https:\\\/\\\/www.sbydanismanlik.com\\\/en\\\/blog-haberleri\\\/\"},{\"@type\":\"ListItem\",\"position\":3,\"name\":\"BLOG\"}]},{\"@type\":\"WebSite\",\"@id\":\"https:\\\/\\\/www.sbydanismanlik.com\\\/en\\\/#website\",\"url\":\"https:\\\/\\\/www.sbydanismanlik.com\\\/en\\\/\",\"name\":\"SBY Dan\u0131\u015fmanl\u0131k\",\"description\":\"SBY Dan\u0131\u015fmanl\u0131k Terc\u00fcme Hizmetleri\",\"potentialAction\":[{\"@type\":\"SearchAction\",\"target\":{\"@type\":\"EntryPoint\",\"urlTemplate\":\"https:\\\/\\\/www.sbydanismanlik.com\\\/en\\\/?s={search_term_string}\"},\"query-input\":{\"@type\":\"PropertyValueSpecification\",\"valueRequired\":true,\"valueName\":\"search_term_string\"}}],\"inLanguage\":\"en-US\"}]}<\/script>\n<!-- \/ Yoast SEO plugin. -->","yoast_head_json":{"title":"BLOG - SBY Dan\u0131\u015fmanl\u0131k","description":"Blog haberleri, profesyonel terc\u00fcme ve \u00e7eviri hizmetleri. yeminl tasdikli \u00e7eviri hizmeti, S\u00f6zl\u00fc ve yaz\u0131l\u0131 terc\u00fcme hizmetleri, Yaz\u0131l\u0131 ve S\u00f6zl\u00fc terc\u00fcme","robots":{"index":"index","follow":"follow","max-snippet":"max-snippet:-1","max-image-preview":"max-image-preview:large","max-video-preview":"max-video-preview:-1"},"canonical":"https:\/\/www.sbydanismanlik.com\/en\/blog-haberleri\/blog\/","og_locale":"en_US","og_type":"article","og_title":"BLOG - SBY Dan\u0131\u015fmanl\u0131k","og_description":"Blog haberleri, profesyonel terc\u00fcme ve \u00e7eviri hizmetleri. yeminl tasdikli \u00e7eviri hizmeti, S\u00f6zl\u00fc ve yaz\u0131l\u0131 terc\u00fcme hizmetleri, Yaz\u0131l\u0131 ve S\u00f6zl\u00fc terc\u00fcme","og_url":"https:\/\/www.sbydanismanlik.com\/en\/blog-haberleri\/blog\/","og_site_name":"SBY Dan\u0131\u015fmanl\u0131k","article_modified_time":"2020-06-20T19:09:31+00:00","twitter_card":"summary_large_image","schema":{"@context":"https:\/\/schema.org","@graph":[{"@type":"WebPage","@id":"https:\/\/www.sbydanismanlik.com\/en\/blog-haberleri\/blog\/","url":"https:\/\/www.sbydanismanlik.com\/en\/blog-haberleri\/blog\/","name":"BLOG - SBY Dan\u0131\u015fmanl\u0131k","isPartOf":{"@id":"https:\/\/www.sbydanismanlik.com\/en\/#website"},"datePublished":"2018-11-26T13:08:12+00:00","dateModified":"2020-06-20T19:09:31+00:00","description":"Blog haberleri, profesyonel terc\u00fcme ve \u00e7eviri hizmetleri. yeminl tasdikli \u00e7eviri hizmeti, S\u00f6zl\u00fc ve yaz\u0131l\u0131 terc\u00fcme hizmetleri, Yaz\u0131l\u0131 ve S\u00f6zl\u00fc terc\u00fcme","breadcrumb":{"@id":"https:\/\/www.sbydanismanlik.com\/en\/blog-haberleri\/blog\/#breadcrumb"},"inLanguage":"en-US","potentialAction":[{"@type":"ReadAction","target":["https:\/\/www.sbydanismanlik.com\/en\/blog-haberleri\/blog\/"]}]},{"@type":"BreadcrumbList","@id":"https:\/\/www.sbydanismanlik.com\/en\/blog-haberleri\/blog\/#breadcrumb","itemListElement":[{"@type":"ListItem","position":1,"name":"Ana sayfa","item":"https:\/\/www.sbydanismanlik.com\/en\/"},{"@type":"ListItem","position":2,"name":"Blog News","item":"https:\/\/www.sbydanismanlik.com\/en\/blog-haberleri\/"},{"@type":"ListItem","position":3,"name":"BLOG"}]},{"@type":"WebSite","@id":"https:\/\/www.sbydanismanlik.com\/en\/#website","url":"https:\/\/www.sbydanismanlik.com\/en\/","name":"SBY Dan\u0131\u015fmanl\u0131k","description":"SBY Dan\u0131\u015fmanl\u0131k Terc\u00fcme Hizmetleri","potentialAction":[{"@type":"SearchAction","target":{"@type":"EntryPoint","urlTemplate":"https:\/\/www.sbydanismanlik.com\/en\/?s={search_term_string}"},"query-input":{"@type":"PropertyValueSpecification","valueRequired":true,"valueName":"search_term_string"}}],"inLanguage":"en-US"}]}},"_links":{"self":[{"href":"https:\/\/www.sbydanismanlik.com\/en\/wp-json\/wp\/v2\/pages\/25760","targetHints":{"allow":["GET"]}}],"collection":[{"href":"https:\/\/www.sbydanismanlik.com\/en\/wp-json\/wp\/v2\/pages"}],"about":[{"href":"https:\/\/www.sbydanismanlik.com\/en\/wp-json\/wp\/v2\/types\/page"}],"author":[{"embeddable":true,"href":"https:\/\/www.sbydanismanlik.com\/en\/wp-json\/wp\/v2\/users\/2"}],"replies":[{"embeddable":true,"href":"https:\/\/www.sbydanismanlik.com\/en\/wp-json\/wp\/v2\/comments?post=25760"}],"version-history":[{"count":1,"href":"https:\/\/www.sbydanismanlik.com\/en\/wp-json\/wp\/v2\/pages\/25760\/revisions"}],"predecessor-version":[{"id":25761,"href":"https:\/\/www.sbydanismanlik.com\/en\/wp-json\/wp\/v2\/pages\/25760\/revisions\/25761"}],"up":[{"embeddable":true,"href":"https:\/\/www.sbydanismanlik.com\/en\/wp-json\/wp\/v2\/pages\/25758"}],"wp:attachment":[{"href":"https:\/\/www.sbydanismanlik.com\/en\/wp-json\/wp\/v2\/media?parent=25760"}],"curies":[{"name":"wp","href":"https:\/\/api.w.org\/{rel}","templated":true}]}}