{"id":26478,"date":"2018-11-15T14:01:18","date_gmt":"2018-11-15T11:01:18","guid":{"rendered":"https:\/\/www.sbydanismanlik.com\/unternehmen\/hakkimizda\/"},"modified":"2020-10-25T18:32:45","modified_gmt":"2020-10-25T15:32:45","slug":"ueber-uns","status":"publish","type":"page","link":"https:\/\/www.sbydanismanlik.com\/de\/unternehmen\/ueber-uns\/","title":{"rendered":"\u00dcBER UNS"},"content":{"rendered":"<p>[vc_row full_width=&#8220;stretch_row&#8220; css=&#8220;.vc_custom_1542285465663{background-color: #ffffff !important;}&#8220;][vc_column css_animation=&#8220;bottom-to-top&#8220;][vc_row_inner][vc_column_inner offset=&#8220;vc_hidden-sm vc_hidden-xs&#8220;]<div class=\"clearboth\"><\/div><div class=\"gem-divider \" style=\"margin-top: 80px;\"><\/div>[\/vc_column_inner][\/vc_row_inner][vc_column_text]<\/p>\n<h2 style=\"text-align: center;\">SBY DANISMANLIK<\/h2>\n<p>[\/vc_column_text][vc_column_text]<\/p>\n<h4 style=\"text-align: center;\"><span class=\"light\">PROFESSIONELLE \u00dcBERSETZUNG UND PERSONALWESEN<\/span><\/h4>\n<p>[\/vc_column_text][vc_row_inner][vc_column_inner offset=&#8220;vc_hidden-xs&#8220;]<div class=\"clearboth\"><\/div><div class=\"gem-divider \" style=\"margin-top: 35px;\"><\/div>[\/vc_column_inner][\/vc_row_inner][\/vc_column][\/vc_row][vc_row full_width=&#8220;stretch_row&#8220; css=&#8220;.vc_custom_1542286470121{background-color: #ffffff !important;}&#8220;][vc_column css_animation=&#8220;bottom-to-top&#8220; width=&#8220;1\/2&#8243;][vc_column_text css_animation=&#8220;none&#8220;]Unser Dolmetschen- und \u00dcbersetzungsdienst f\u00fcr Krankenh\u00e4user;<\/p>\n<p>Um die Kommunikation zwischen dem Patienten und dem Arzt und der Familie des Patienten herzustellen, begannen Dolmetscher in Krankenh\u00e4usern zu dienen. Unsere \u00dcbersetzer sind vereidigt und Experten auf ihrem Gebiet. Dolmetscher werden Krankenh\u00e4usern entsprechend dem Behandlungsprozess des Patienten zugewiesen, z. B. t\u00e4glich, w\u00f6chentlich oder monatlich.<\/p>\n<p>Wir bieten auch einen schnellen, qualitativ hochwertigen und garantierten Dolmetschen- und \u00dcbersetzungsdienst f\u00fcr Ihre Vorg\u00e4nge.<\/p>\n<p>Unser ExpertenDolmetschensteam organisiert die medizinischen Prozesse Ihrer Patienten, die aus dem Ausland kommen, indem wir die Dolmetschensprozesse zusammen mit Ihren Patienten durchf\u00fchren; wir helfen Ihren Patienten, die Behandlungsprozesse problemlos in der Einrichtung durchzuf\u00fchren und erh\u00f6hen so die Patientenzufriedenheit. Sie k\u00f6nnen uns f\u00fcr weitere Informationen kontaktieren.[\/vc_column_text]<div class=\"clearboth\"><\/div><div class=\"gem-divider \" style=\"margin-top: 20px;\"><\/div><div   class=\"gem-quote gem-quote-style-1 gem-quote-no-paddings\" ><blockquote  >Wir bieten auch einen schnellen, qualitativ hochwertigen und garantierten Dolmetschen- und \u00dcbersetzungsdienst f\u00fcr Ihre Vorg\u00e4nge.<\/blockquote><\/div><div class=\"clearboth\"><\/div><div class=\"gem-divider \" style=\"margin-top: -45px;\"><\/div>[vc_column_text css_animation=&#8220;bottom-to-top&#8220;]Unser ExpertenDolmetschensteam organisiert die medizinischen Prozesse Ihrer Patienten, die aus dem Ausland kommen, indem wir die Dolmetschensprozesse zusammen mit Ihren Patienten durchf\u00fchren; wir helfen Ihren Patienten, die Behandlungsprozesse problemlos in der Einrichtung durchzuf\u00fchren und erh\u00f6hen so die Patientenzufriedenheit. Sie k\u00f6nnen uns f\u00fcr weitere Informationen kontaktieren.[\/vc_column_text][\/vc_column][vc_column width=&#8220;1\/2&#8243;][vc_column_text css_animation=&#8220;bottom-to-top&#8220;]<strong>Schriftliche \u00dcbersetzungsdienste;<\/strong><\/p>\n<p>SBY Danismanlik ist eines der f\u00fchrenden Unternehmen im medizinischen Bereich mit erfahrenen \u00dcbersetzern, Dolmetschern und Verwaltungsmitarbeitern, die m\u00fcndliche und schriftliche \u00dcbersetzungsdienste im Bereich der Medizin in allen Sprachen der Welt anbieten.<\/p>\n<p>&nbsp;<\/p>\n<p>Es ist ein \u00dcbersetzungszentrum, das Institutionen, die einen schnellen und zuverl\u00e4ssigen \u00dcbersetzungsdienst w\u00fcnschen, sicher anwenden.<\/p>\n<p>&nbsp;<\/p>\n<p>Um die M\u00f6glichkeit von Fehlern in Ihren \u00dcbersetzungsarbeiten, die medizinisches Fachwissen erfordern, zu minimieren, werden alle \u00dcbersetzungen von \u00dcbersetzern \u00fcbersetzt, die Experten auf Ihrem Gebiet sind und unter der Kontrolle des Herausgebers stehen. So verhindern Sie, dass Ihre Gesch\u00e4ftspartner und die Gesetze auf m\u00f6gliche Probleme sto\u00dfen.<\/p>\n<p>&nbsp;<\/p>\n<p><strong>Personalprozesse;<\/strong><\/p>\n<p>&nbsp;<\/p>\n<p>Zus\u00e4tzlich zu unserem \u00dcbersetzungsgesch\u00e4ft bieten wir Personal- und Gehaltslistedienstleistungen f\u00fcr viele Krankenh\u00e4user und medizinische Zentren mit unseren gro\u00dfen Personalmitarbeitern in Verbindung mit der Branche an.<\/p>\n<p>&nbsp;<\/p>\n<p>Wir bieten Vollzeit-, Teilzeit- und t\u00e4gliche Unterst\u00fctzung-Mitarbeiter und unterst\u00fctzen HR-Prozesse, indem wir die erfahrenen Mitarbeiter vor Ort auf die Bed\u00fcrfnisse unserer Krankenh\u00e4user hinweisen.<\/p>\n<p>&nbsp;<\/p>\n<p>Wir laden Sie ein, unsere Erfahrungen mit unserer starken technischen Infrastruktur und L\u00f6sungen zu teilen, die Ihre Kosten minimieren, mit unseren Innovationen, die den \u00dcbersetzungs- und Personalberatungsmarkt leiten, mit dem Beitrag der Institutionen, mit denen wir zusammenarbeiten, mit unseren zunehmend qualifizierten \u00dcbersetzern und Verwaltungsmitarbeitern&#8230;[\/vc_column_text][\/vc_column][\/vc_row][vc_row full_width=&#8220;stretch_row_content_no_spaces&#8220; equal_height=&#8220;yes&#8220; content_placement=&#8220;middle&#8220; css=&#8220;.vc_custom_1542290658823{margin-bottom: 0px !important;padding-bottom: 0px !important;}&#8220;][vc_column css_animation=&#8220;bottom-to-top&#8220; width=&#8220;1\/2&#8243; css=&#8220;.vc_custom_1542380429204{background-image: url(https:\/\/codex-themes.com\/thegem\/sites\/business-consulting\/wp-content\/uploads\/2018\/11\/4.jpg?id=24032) !important;background-position: center !important;background-repeat: no-repeat !important;background-size: cover !important;}&#8220;]<div class=\"clearboth\"><\/div><div class=\"gem-divider \" style=\"margin-top: 300px;\"><\/div>[\/vc_column][vc_column width=&#8220;1\/2&#8243; disable_custom_paddings_tablet=&#8220;true&#8220; disable_custom_paddings_mobile=&#8220;true&#8220; css=&#8220;.vc_custom_1542290229812{padding-right: 110px !important;padding-left: 110px !important;}&#8220;][vc_row_inner][vc_column_inner offset=&#8220;vc_hidden-xs&#8220;]<div class=\"clearboth\"><\/div><div class=\"gem-divider \" style=\"margin-top: 110px;\"><\/div>[\/vc_column_inner][\/vc_row_inner][vc_row_inner][vc_column_inner offset=&#8220;vc_hidden-lg vc_hidden-md vc_hidden-sm&#8220;]<div class=\"clearboth\"><\/div><div class=\"gem-divider \" style=\"margin-top: 50px;\"><\/div>[\/vc_column_inner][\/vc_row_inner][vc_column_text css_animation=&#8220;bottom-to-top&#8220;]<\/p>\n<h2 style=\"text-align: center;\">UNSERE VISION<\/h2>\n<p>[\/vc_column_text]<div class=\"clearboth\"><\/div><div class=\"gem-divider \" style=\"margin-top: 30px;\"><\/div>[vc_column_text css_animation=&#8220;bottom-to-top&#8220;]Durch die Integration der fortschrittlichsten Technologie in \u00dcbereinstimmung mit den Anforderungen unserer Zeit mit unseren Fachleuten bietet sie einen umfassenden, integrierten Dienst, der gro\u00dfe Massen erreichen kann und die Zufriedenheit unserer Kunden auf h\u00f6chstem Niveau h\u00e4lt.[\/vc_column_text]<style type=\"text\/css\">.thegem-button-69e7399e61a869324.lazy-loading-before-start-animation .lazy-loading-item {opacity: 0;}<\/style><div class=\"gem-button-container gem-button-position-center thegem-button-69e7399e61a869324 lazy-loading lazy-loading-before-start-animation\" ><a title=\"\u0130LET\u0130\u015e\u0130M\" class=\"gem-button gem-button-size-small gem-button-style-outline gem-button-text-weight-normal gem-button-border-2 lazy-loading-item\"data-ll-effect=\"drop-right-without-wrap\" style=\"border-radius: 0px;border-color: #00bcd4;color: #00bcd4;\" onmouseleave=\"this.style.borderColor='#00bcd4';this.style.color='#00bcd4';\" onmouseenter=\"this.style.color='#ffffff';\" href=\"https:\/\/www.sbydanismanlik.com\/iletisim\/\" target=\"_self\">SIE K\u00d6NNEN UNS KONTAKTIEREN.<\/a><\/div> [vc_row_inner][vc_column_inner offset=&#8220;vc_hidden-xs&#8220;]<div class=\"clearboth\"><\/div><div class=\"gem-divider \" style=\"margin-top: 110px;\"><\/div>[\/vc_column_inner][\/vc_row_inner][\/vc_column][\/vc_row][vc_row full_width=&#8220;stretch_row_content_no_spaces&#8220; equal_height=&#8220;yes&#8220; content_placement=&#8220;middle&#8220; css=&#8220;.vc_custom_1542290658823{margin-bottom: 0px !important;padding-bottom: 0px !important;}&#8220;][vc_column width=&#8220;1\/2&#8243; disable_custom_paddings_tablet=&#8220;true&#8220; disable_custom_paddings_mobile=&#8220;true&#8220; css=&#8220;.vc_custom_1542290229812{padding-right: 110px !important;padding-left: 110px !important;}&#8220;][vc_row_inner][vc_column_inner offset=&#8220;vc_hidden-xs&#8220;]<div class=\"clearboth\"><\/div><div class=\"gem-divider \" style=\"margin-top: 75px;\"><\/div>[\/vc_column_inner][\/vc_row_inner][vc_row_inner][vc_column_inner offset=&#8220;vc_hidden-lg vc_hidden-md vc_hidden-sm&#8220;]<div class=\"clearboth\"><\/div><div class=\"gem-divider \" style=\"margin-top: 50px;\"><\/div>[\/vc_column_inner][\/vc_row_inner][vc_column_text css_animation=&#8220;bottom-to-top&#8220;]<\/p>\n<h2 style=\"text-align: center;\">UNSERE MISSION<\/h2>\n<p>[\/vc_column_text]<div class=\"clearboth\"><\/div><div class=\"gem-divider \" style=\"margin-top: 35px;\"><\/div>[vc_column_text css_animation=&#8220;bottom-to-top&#8220;]Wir sind uns der Bedeutung des Dienstes bewusst, den wir in den Bereichen \u00dcbersetzung und Personalwesen anbieten. Unsere Mission ist es, einen Serviceansatz zu pr\u00e4sentieren, der die Werte unserer Kunden ohne Grenzen in einem zeitgem\u00e4\u00dfen, ganzheitlichen qualit\u00e4tsansatz respektiert.[\/vc_column_text]<div class=\"clearboth\"><\/div><div class=\"gem-divider \" style=\"margin-top: 50px;\"><\/div>[vc_row_inner][vc_column_inner width=&#8220;1\/2&#8243;]<div class=\"gem-list lazy-loading gem-list-type-checkbox gem-list-color-3\" ><ul>\n<li>Professioneller \u00dcbersetzungsdienst<\/li>\n<li>Schnelle Und Garantierte Qualit\u00e4ts\u00fcbersetzung<\/li>\n<li>Personal- und \u00dcbersetzungsdienst<\/li>\n<\/ul>\n<\/div>[\/vc_column_inner][vc_column_inner width=&#8220;1\/2&#8243; disable_custom_paddings_mobile=&#8220;true&#8220; css=&#8220;.vc_custom_1549636353297{padding-left: 20px !important;}&#8220;]<div class=\"gem-list lazy-loading gem-list-type-checkbox gem-list-color-3\" ><\/div>[\/vc_column_inner][\/vc_row_inner][vc_row_inner][vc_column_inner offset=&#8220;vc_hidden-xs&#8220;]<div class=\"clearboth\"><\/div><div class=\"gem-divider \" style=\"margin-top: 100px;\"><\/div>[\/vc_column_inner][\/vc_row_inner][\/vc_column][vc_column css_animation=&#8220;bottom-to-top&#8220; width=&#8220;1\/2&#8243; css=&#8220;.vc_custom_1542380439635{background-image: url(https:\/\/codex-themes.com\/thegem\/sites\/business-consulting\/wp-content\/uploads\/2018\/11\/3.jpg?id=24033) !important;background-position: center !important;background-repeat: no-repeat !important;background-size: cover !important;}&#8220;]<div class=\"clearboth\"><\/div><div class=\"gem-divider \" style=\"margin-top: 300px;\"><\/div>[\/vc_column][\/vc_row]<\/p>\n","protected":false},"excerpt":{"rendered":"<p>[vc_row full_width=&#8220;stretch_row&#8220; css=&#8220;.vc_custom_1542285465663{background-color: #ffffff !important;}&#8220;][vc_column css_animation=&#8220;bottom-to-top&#8220;][vc_row_inner][vc_column_inner offset=&#8220;vc_hidden-sm vc_hidden-xs&#8220;][\/vc_column_inner][\/vc_row_inner][vc_column_text] SBY DANISMANLIK [\/vc_column_text][vc_column_text] PROFESSIONELLE \u00dcBERSETZUNG UND PERSONALWESEN [\/vc_column_text][vc_row_inner][vc_column_inner offset=&#8220;vc_hidden-xs&#8220;][\/vc_column_inner][\/vc_row_inner][\/vc_column][\/vc_row][vc_row full_width=&#8220;stretch_row&#8220; css=&#8220;.vc_custom_1542286470121{background-color: #ffffff&#8230;<\/p>\n","protected":false},"author":2,"featured_media":0,"parent":26476,"menu_order":1,"comment_status":"closed","ping_status":"closed","template":"","meta":{"footnotes":""},"class_list":["post-26478","page","type-page","status-publish"],"yoast_head":"<!-- This site is optimized with the Yoast SEO plugin v27.4 - https:\/\/yoast.com\/product\/yoast-seo-wordpress\/ -->\n<title>\u00dcBER UNS - SBY Dan\u0131\u015fmanl\u0131k<\/title>\n<meta name=\"robots\" content=\"index, follow, max-snippet:-1, max-image-preview:large, max-video-preview:-1\" \/>\n<link rel=\"canonical\" href=\"https:\/\/www.sbydanismanlik.com\/de\/unternehmen\/ueber-uns\/\" \/>\n<meta property=\"og:locale\" content=\"de_DE\" \/>\n<meta property=\"og:type\" content=\"article\" \/>\n<meta property=\"og:title\" content=\"\u00dcBER UNS - SBY Dan\u0131\u015fmanl\u0131k\" \/>\n<meta property=\"og:description\" content=\"[vc_row full_width=&#8220;stretch_row&#8220; css=&#8220;.vc_custom_1542285465663{background-color: #ffffff !important;}&#8220;][vc_column css_animation=&#8220;bottom-to-top&#8220;][vc_row_inner][vc_column_inner offset=&#8220;vc_hidden-sm vc_hidden-xs&#8220;][\/vc_column_inner][\/vc_row_inner][vc_column_text] SBY DANISMANLIK [\/vc_column_text][vc_column_text] PROFESSIONELLE \u00dcBERSETZUNG UND PERSONALWESEN [\/vc_column_text][vc_row_inner][vc_column_inner offset=&#8220;vc_hidden-xs&#8220;][\/vc_column_inner][\/vc_row_inner][\/vc_column][\/vc_row][vc_row full_width=&#8220;stretch_row&#8220; css=&#8220;.vc_custom_1542286470121{background-color: #ffffff...\" \/>\n<meta property=\"og:url\" content=\"https:\/\/www.sbydanismanlik.com\/de\/unternehmen\/ueber-uns\/\" \/>\n<meta property=\"og:site_name\" content=\"SBY Dan\u0131\u015fmanl\u0131k\" \/>\n<meta property=\"article:modified_time\" content=\"2020-10-25T15:32:45+00:00\" \/>\n<meta name=\"twitter:card\" content=\"summary_large_image\" \/>\n<meta name=\"twitter:label1\" content=\"Gesch\u00e4tzte Lesezeit\" \/>\n\t<meta name=\"twitter:data1\" content=\"5\u00a0Minuten\" \/>\n<script type=\"application\/ld+json\" class=\"yoast-schema-graph\">{\"@context\":\"https:\\\/\\\/schema.org\",\"@graph\":[{\"@type\":\"WebPage\",\"@id\":\"https:\\\/\\\/www.sbydanismanlik.com\\\/de\\\/unternehmen\\\/ueber-uns\\\/\",\"url\":\"https:\\\/\\\/www.sbydanismanlik.com\\\/de\\\/unternehmen\\\/ueber-uns\\\/\",\"name\":\"\u00dcBER UNS - SBY Dan\u0131\u015fmanl\u0131k\",\"isPartOf\":{\"@id\":\"https:\\\/\\\/www.sbydanismanlik.com\\\/de\\\/#website\"},\"datePublished\":\"2018-11-15T11:01:18+00:00\",\"dateModified\":\"2020-10-25T15:32:45+00:00\",\"breadcrumb\":{\"@id\":\"https:\\\/\\\/www.sbydanismanlik.com\\\/de\\\/unternehmen\\\/ueber-uns\\\/#breadcrumb\"},\"inLanguage\":\"de\",\"potentialAction\":[{\"@type\":\"ReadAction\",\"target\":[\"https:\\\/\\\/www.sbydanismanlik.com\\\/de\\\/unternehmen\\\/ueber-uns\\\/\"]}]},{\"@type\":\"BreadcrumbList\",\"@id\":\"https:\\\/\\\/www.sbydanismanlik.com\\\/de\\\/unternehmen\\\/ueber-uns\\\/#breadcrumb\",\"itemListElement\":[{\"@type\":\"ListItem\",\"position\":1,\"name\":\"Ana sayfa\",\"item\":\"https:\\\/\\\/www.sbydanismanlik.com\\\/de\\\/\"},{\"@type\":\"ListItem\",\"position\":2,\"name\":\"UNTERNEHMEN\",\"item\":\"https:\\\/\\\/www.sbydanismanlik.com\\\/de\\\/unternehmen\\\/\"},{\"@type\":\"ListItem\",\"position\":3,\"name\":\"\u00dcBER UNS\"}]},{\"@type\":\"WebSite\",\"@id\":\"https:\\\/\\\/www.sbydanismanlik.com\\\/de\\\/#website\",\"url\":\"https:\\\/\\\/www.sbydanismanlik.com\\\/de\\\/\",\"name\":\"SBY Dan\u0131\u015fmanl\u0131k\",\"description\":\"SBY Dan\u0131\u015fmanl\u0131k Terc\u00fcme Hizmetleri\",\"potentialAction\":[{\"@type\":\"SearchAction\",\"target\":{\"@type\":\"EntryPoint\",\"urlTemplate\":\"https:\\\/\\\/www.sbydanismanlik.com\\\/de\\\/?s={search_term_string}\"},\"query-input\":{\"@type\":\"PropertyValueSpecification\",\"valueRequired\":true,\"valueName\":\"search_term_string\"}}],\"inLanguage\":\"de\"}]}<\/script>\n<!-- \/ Yoast SEO plugin. -->","yoast_head_json":{"title":"\u00dcBER UNS - SBY Dan\u0131\u015fmanl\u0131k","robots":{"index":"index","follow":"follow","max-snippet":"max-snippet:-1","max-image-preview":"max-image-preview:large","max-video-preview":"max-video-preview:-1"},"canonical":"https:\/\/www.sbydanismanlik.com\/de\/unternehmen\/ueber-uns\/","og_locale":"de_DE","og_type":"article","og_title":"\u00dcBER UNS - SBY Dan\u0131\u015fmanl\u0131k","og_description":"[vc_row full_width=&#8220;stretch_row&#8220; css=&#8220;.vc_custom_1542285465663{background-color: #ffffff !important;}&#8220;][vc_column css_animation=&#8220;bottom-to-top&#8220;][vc_row_inner][vc_column_inner offset=&#8220;vc_hidden-sm vc_hidden-xs&#8220;][\/vc_column_inner][\/vc_row_inner][vc_column_text] SBY DANISMANLIK [\/vc_column_text][vc_column_text] PROFESSIONELLE \u00dcBERSETZUNG UND PERSONALWESEN [\/vc_column_text][vc_row_inner][vc_column_inner offset=&#8220;vc_hidden-xs&#8220;][\/vc_column_inner][\/vc_row_inner][\/vc_column][\/vc_row][vc_row full_width=&#8220;stretch_row&#8220; css=&#8220;.vc_custom_1542286470121{background-color: #ffffff...","og_url":"https:\/\/www.sbydanismanlik.com\/de\/unternehmen\/ueber-uns\/","og_site_name":"SBY Dan\u0131\u015fmanl\u0131k","article_modified_time":"2020-10-25T15:32:45+00:00","twitter_card":"summary_large_image","twitter_misc":{"Gesch\u00e4tzte Lesezeit":"5\u00a0Minuten"},"schema":{"@context":"https:\/\/schema.org","@graph":[{"@type":"WebPage","@id":"https:\/\/www.sbydanismanlik.com\/de\/unternehmen\/ueber-uns\/","url":"https:\/\/www.sbydanismanlik.com\/de\/unternehmen\/ueber-uns\/","name":"\u00dcBER UNS - SBY Dan\u0131\u015fmanl\u0131k","isPartOf":{"@id":"https:\/\/www.sbydanismanlik.com\/de\/#website"},"datePublished":"2018-11-15T11:01:18+00:00","dateModified":"2020-10-25T15:32:45+00:00","breadcrumb":{"@id":"https:\/\/www.sbydanismanlik.com\/de\/unternehmen\/ueber-uns\/#breadcrumb"},"inLanguage":"de","potentialAction":[{"@type":"ReadAction","target":["https:\/\/www.sbydanismanlik.com\/de\/unternehmen\/ueber-uns\/"]}]},{"@type":"BreadcrumbList","@id":"https:\/\/www.sbydanismanlik.com\/de\/unternehmen\/ueber-uns\/#breadcrumb","itemListElement":[{"@type":"ListItem","position":1,"name":"Ana sayfa","item":"https:\/\/www.sbydanismanlik.com\/de\/"},{"@type":"ListItem","position":2,"name":"UNTERNEHMEN","item":"https:\/\/www.sbydanismanlik.com\/de\/unternehmen\/"},{"@type":"ListItem","position":3,"name":"\u00dcBER UNS"}]},{"@type":"WebSite","@id":"https:\/\/www.sbydanismanlik.com\/de\/#website","url":"https:\/\/www.sbydanismanlik.com\/de\/","name":"SBY Dan\u0131\u015fmanl\u0131k","description":"SBY Dan\u0131\u015fmanl\u0131k Terc\u00fcme Hizmetleri","potentialAction":[{"@type":"SearchAction","target":{"@type":"EntryPoint","urlTemplate":"https:\/\/www.sbydanismanlik.com\/de\/?s={search_term_string}"},"query-input":{"@type":"PropertyValueSpecification","valueRequired":true,"valueName":"search_term_string"}}],"inLanguage":"de"}]}},"_links":{"self":[{"href":"https:\/\/www.sbydanismanlik.com\/de\/wp-json\/wp\/v2\/pages\/26478","targetHints":{"allow":["GET"]}}],"collection":[{"href":"https:\/\/www.sbydanismanlik.com\/de\/wp-json\/wp\/v2\/pages"}],"about":[{"href":"https:\/\/www.sbydanismanlik.com\/de\/wp-json\/wp\/v2\/types\/page"}],"author":[{"embeddable":true,"href":"https:\/\/www.sbydanismanlik.com\/de\/wp-json\/wp\/v2\/users\/2"}],"replies":[{"embeddable":true,"href":"https:\/\/www.sbydanismanlik.com\/de\/wp-json\/wp\/v2\/comments?post=26478"}],"version-history":[{"count":3,"href":"https:\/\/www.sbydanismanlik.com\/de\/wp-json\/wp\/v2\/pages\/26478\/revisions"}],"predecessor-version":[{"id":26482,"href":"https:\/\/www.sbydanismanlik.com\/de\/wp-json\/wp\/v2\/pages\/26478\/revisions\/26482"}],"up":[{"embeddable":true,"href":"https:\/\/www.sbydanismanlik.com\/de\/wp-json\/wp\/v2\/pages\/26476"}],"wp:attachment":[{"href":"https:\/\/www.sbydanismanlik.com\/de\/wp-json\/wp\/v2\/media?parent=26478"}],"curies":[{"name":"wp","href":"https:\/\/api.w.org\/{rel}","templated":true}]}}