{"id":26464,"date":"2018-11-26T16:08:12","date_gmt":"2018-11-26T13:08:12","guid":{"rendered":"https:\/\/www.sbydanismanlik.com\/blog-haberleri\/blog\/"},"modified":"2020-10-25T17:39:22","modified_gmt":"2020-10-25T14:39:22","slug":"blog","status":"publish","type":"page","link":"https:\/\/www.sbydanismanlik.com\/de\/blog-haberleri\/blog\/","title":{"rendered":"BLOG"},"content":{"rendered":"<p>[vc_row][vc_column]<div class=\"clearboth\"><\/div><div class=\"gem-divider \" style=\"margin-top: 15px;\"><\/div><div class=\"preloader\"><div class=\"preloader-spin\"><\/div><\/div> <div class=\"portfolio-preloader-wrapper\"> <div data-per-page=\"8\" data-portfolio-uid=\"0099c48\" class=\"portfolio news-grid no-padding portfolio-pagination-more portfolio-style-justified background-style-transparent title-style-light hover-default item-animation-move-up title-on-page version-default columns-2\" data-hover=\"default\" data-next-page=\"0\"> <div class=\"portfilio-top-panel\" ><div class=\"portfilio-top-panel-row\"> <div class=\"portfilio-top-panel-left\"> <div class=\"portfolio-filters\"> <a href=\"#\" data-filter=\"*\" class=\"active all title-h6\"><i class=\"gem-print-icon gem-icon-pack-thegem-icons gem-icon-portfolio-show-all \"><\/i><span class=\"light\">Show All<\/span><\/a> <a href=\"#\" data-filter=\".blog-de\" class=\"title-h6\"><span class=\"light\">Blog<\/span><\/a> <\/div> <div class=\"portfolio-filters-resp\"> <button class=\"menu-toggle dl-trigger\">News filters<span class=\"menu-line-1\"><\/span><span class=\"menu-line-2\"><\/span><span class=\"menu-line-3\"><\/span><\/button> <ul class=\"dl-menu\"> <li><a href=\"#\" data-filter=\"*\">Show All<\/a><\/li> <li><a href=\"#\" data-filter=\".blog-de\">Blog<\/a><\/li> <\/ul> <\/div> <\/div> <div class=\"portfilio-top-panel-right\"> <div class=\"portfolio-sorting title-h6\"> <div class=\"orderby light\"> <label for=\"\" data-value=\"date\">Date<\/label> <a href=\"javascript:void(0);\" class=\"sorting-switcher\" data-current=\"date\"><\/a> <label for=\"\" data-value=\"name\">Name<\/label> <\/div> <div class=\"portfolio-sorting-sep\"><\/div> <div class=\"order light\"> <label for=\"\" data-value=\"DESC\">Desc<\/label> <a href=\"javascript:void(0);\" class=\"sorting-switcher\" data-current=\"DESC\"><\/a> <label for=\"\" data-value=\"ASC\">Asc<\/label> <\/div> <\/div> <\/div> <\/div><\/div> <div class=\"\"> <div class=\"row\" style=\"margin: -21px;\"> <div class=\"portfolio-set clearfix\" data-max-row-height=\"380\"> <div class=\"portfolio-item blog-de col-sm-6 col-xs-12 item-animations-not-inited show-caption-border post-has-sets post-has-author post-26559 post type-post status-publish format-standard has-post-thumbnail category-blog-de\" style=\"padding: 21px;\" data-default-sort=\"0\" data-sort-date=\"1548246837\"> <div class=\"wrap clearfix\"> <div class=\"image post-26559 post type-post status-publish format-standard has-post-thumbnail category-blog-de\"> <div class=\"image-inner\"> <picture> <img decoding=\"async\" src=\"https:\/\/www.sbydanismanlik.com\/wp-content\/uploads\/2026\/04\/transparent-thegem-portfolio-justified.png\" width=\"844\" height=\"767\" class=\"attachment-thegem-portfolio-justified\" alt=\"WAS IST DAS ZIEL DES GRAMERS IN DER SPRACHE?\" \/> <\/picture> <div class=\"post-featured-content\"><a href=\"https:\/\/www.sbydanismanlik.com\/de\/was-ist-das-ziel-des-gramers-in-der-sprache\/\"> <picture> <source srcset=\"https:\/\/www.sbydanismanlik.com\/wp-content\/uploads\/2018\/11\/2-5-thegem-portfolio-justified-2x-500.jpg 1x, https:\/\/www.sbydanismanlik.com\/wp-content\/uploads\/2018\/11\/2-5-thegem-portfolio-justified.jpg 2x\" media=\"(max-width: 550px)\" sizes=\"100vw\"> <source srcset=\"https:\/\/www.sbydanismanlik.com\/wp-content\/uploads\/2018\/11\/2-5-thegem-portfolio-justified-2x.jpg 1x, https:\/\/www.sbydanismanlik.com\/wp-content\/uploads\/2018\/11\/2-5-thegem-portfolio-justified.jpg 2x\" media=\"(max-width: 1920px)\" sizes=\"100vw\"> <img decoding=\"async\" src=\"https:\/\/www.sbydanismanlik.com\/wp-content\/uploads\/2018\/11\/2-5-thegem-portfolio-justified.jpg\" width=\"844\" height=\"767\" class=\"img-responsive\" alt=\"2 (Demo)\" \/> <\/picture> <\/a><\/div> <\/div> <div class=\"overlay\"> <div class=\"overlay-circle\"><\/div> <div class=\"links-wrapper\"> <div class=\"links\"> <div class=\"caption\"> <a href=\"https:\/\/www.sbydanismanlik.com\/de\/was-ist-das-ziel-des-gramers-in-der-sprache\/\" class=\"portolio-item-link\"><\/a> <div class=\"grid-post-meta \"> <span class=\"post-meta-likes\"><a href=\"#\" class=\"zilla-likes\" id=\"zilla-likes-26559\" title=\"Like this\"><span class=\"zilla-likes-count\">0<\/span> <span class=\"zilla-likes-postfix\"><\/span><\/a><\/span> <\/div> <div class=\"description \"> <div class=\"subtitle\"> <p>\u00d6\u011fretimlik (classique) tarifine g\u00f6re pratik bir bilim kolu olan gramer bize bir dilin do\u011fru yaz\u0131l\u0131p okunmas\u0131 ve do\u011fru konu\u015fulmas\u0131 usullerini g\u00f6sterir. Dili iyi kullanma (bon usage) sanat\u0131n\u0131 \u00f6\u011fretir.<\/p> <\/div> <\/div> <div class=\"post-author-outer\"> <div class=\"author\"> <span class=\"author-avatar\"><img alt='' src='https:\/\/secure.gravatar.com\/avatar\/1867852a80a6016086bb7e00f79f719fd1944c170f5d4cd375da1c9c2fe69e19?s=50&#038;d=mm&#038;r=g' srcset='https:\/\/secure.gravatar.com\/avatar\/1867852a80a6016086bb7e00f79f719fd1944c170f5d4cd375da1c9c2fe69e19?s=100&#038;d=mm&#038;r=g 2x' class='avatar avatar-50 photo' height='50' width='50' \/><\/span> <span class=\"author-name\">By admin<\/span> <\/div> <\/div> <\/div> <\/div> <\/div> <\/div> <\/div> <div class=\"caption post-26559 post type-post status-publish format-standard has-post-thumbnail category-blog-de\"> <div class=\"post-date\">23 Januar 2019<\/div> <div class=\"title\"> <div class=\"title-h6\"><a href=\"https:\/\/www.sbydanismanlik.com\/de\/was-ist-das-ziel-des-gramers-in-der-sprache\/\" rel=\"bookmark\">WAS IST DAS ZIEL DES GRAMERS IN DER SPRACHE?<\/a><\/div> <\/div> <div class=\"info\"> <a data-slug=\"blog-de\">Blog<\/a> <\/div> <\/div> <\/div> <\/div> <div class=\"portfolio-item blog-de col-sm-6 col-xs-12 item-animations-not-inited show-caption-border post-has-sets post-has-author post-26564 post type-post status-publish format-standard has-post-thumbnail category-blog-de\" style=\"padding: 21px;\" data-default-sort=\"0\" data-sort-date=\"1545841902\"> <div class=\"wrap clearfix\"> <div class=\"image post-26564 post type-post status-publish format-standard has-post-thumbnail category-blog-de\"> <div class=\"image-inner\"> <picture> <img decoding=\"async\" src=\"https:\/\/www.sbydanismanlik.com\/wp-content\/uploads\/2026\/04\/transparent-thegem-portfolio-justified.png\" width=\"844\" height=\"767\" class=\"attachment-thegem-portfolio-justified\" alt=\"PERSONALWESEN BERATUNGSDIENSTLEISTUNGEN\" \/> <\/picture> <div class=\"post-featured-content\"><a href=\"https:\/\/www.sbydanismanlik.com\/de\/personalwesen-beratungsdienstleistungen\/\"> <picture> <source srcset=\"https:\/\/www.sbydanismanlik.com\/wp-content\/uploads\/2018\/11\/5-5-thegem-portfolio-justified-2x-500.jpg 1x, https:\/\/www.sbydanismanlik.com\/wp-content\/uploads\/2018\/11\/5-5-thegem-portfolio-justified.jpg 2x\" media=\"(max-width: 550px)\" sizes=\"100vw\"> <source srcset=\"https:\/\/www.sbydanismanlik.com\/wp-content\/uploads\/2018\/11\/5-5-thegem-portfolio-justified-2x.jpg 1x, https:\/\/www.sbydanismanlik.com\/wp-content\/uploads\/2018\/11\/5-5-thegem-portfolio-justified.jpg 2x\" media=\"(max-width: 1920px)\" sizes=\"100vw\"> <img decoding=\"async\" src=\"https:\/\/www.sbydanismanlik.com\/wp-content\/uploads\/2018\/11\/5-5-thegem-portfolio-justified.jpg\" width=\"844\" height=\"767\" class=\"img-responsive\" alt=\"5 (Demo)\" \/> <\/picture> <\/a><\/div> <\/div> <div class=\"overlay\"> <div class=\"overlay-circle\"><\/div> <div class=\"links-wrapper\"> <div class=\"links\"> <div class=\"caption\"> <a href=\"https:\/\/www.sbydanismanlik.com\/de\/personalwesen-beratungsdienstleistungen\/\" class=\"portolio-item-link\"><\/a> <div class=\"grid-post-meta \"> <span class=\"post-meta-likes\"><a href=\"#\" class=\"zilla-likes\" id=\"zilla-likes-26564\" title=\"Like this\"><span class=\"zilla-likes-count\">0<\/span> <span class=\"zilla-likes-postfix\"><\/span><\/a><\/span> <\/div> <div class=\"description \"> <div class=\"subtitle\"> <p>SBY Dan\u0131\u015fmanl\u0131k , insan kaynaklar\u0131 y\u00f6netiminin t\u00fcm fonksiyonlar\u0131yla firmalar\u0131n hedefleri g\u00f6z \u00f6n\u00fcnde bulundurarak kurgulamaktad\u0131r. Profesyonel insan kaynaklar\u0131 dan\u0131\u015fmanlar\u0131 taraf\u0131ndan kurulan bu sistemlerin<\/p> <\/div> <\/div> <div class=\"post-author-outer\"> <div class=\"author\"> <span class=\"author-avatar\"><img alt='' src='https:\/\/secure.gravatar.com\/avatar\/1867852a80a6016086bb7e00f79f719fd1944c170f5d4cd375da1c9c2fe69e19?s=50&#038;d=mm&#038;r=g' srcset='https:\/\/secure.gravatar.com\/avatar\/1867852a80a6016086bb7e00f79f719fd1944c170f5d4cd375da1c9c2fe69e19?s=100&#038;d=mm&#038;r=g 2x' class='avatar avatar-50 photo' height='50' width='50' \/><\/span> <span class=\"author-name\">By admin<\/span> <\/div> <\/div> <\/div> <\/div> <\/div> <\/div> <\/div> <div class=\"caption post-26564 post type-post status-publish format-standard has-post-thumbnail category-blog-de\"> <div class=\"post-date\">26 Dezember 2018<\/div> <div class=\"title\"> <div class=\"title-h6\"><a href=\"https:\/\/www.sbydanismanlik.com\/de\/personalwesen-beratungsdienstleistungen\/\" rel=\"bookmark\">PERSONALWESEN BERATUNGSDIENSTLEISTUNGEN<\/a><\/div> <\/div> <div class=\"info\"> <a data-slug=\"blog-de\">Blog<\/a> <\/div> <\/div> <\/div> <\/div> <div class=\"portfolio-item blog-de col-sm-6 col-xs-12 item-animations-not-inited show-caption-border post-has-sets post-has-author post-26569 post type-post status-publish format-standard has-post-thumbnail category-blog-de\" style=\"padding: 21px;\" data-default-sort=\"0\" data-sort-date=\"1543740349\"> <div class=\"wrap clearfix\"> <div class=\"image post-26569 post type-post status-publish format-standard has-post-thumbnail category-blog-de\"> <div class=\"image-inner\"> <picture> <img decoding=\"async\" src=\"https:\/\/www.sbydanismanlik.com\/wp-content\/uploads\/2026\/04\/transparent-thegem-portfolio-justified.png\" width=\"844\" height=\"767\" class=\"attachment-thegem-portfolio-justified\" alt=\"\u00dcBERSETZUNGSDIENSTE\" \/> <\/picture> <div class=\"post-featured-content\"><a href=\"https:\/\/www.sbydanismanlik.com\/de\/uebersetzungsdienste\/\"> <picture> <source srcset=\"https:\/\/www.sbydanismanlik.com\/wp-content\/uploads\/2018\/11\/7-3-thegem-portfolio-justified-2x-500.jpg 1x, https:\/\/www.sbydanismanlik.com\/wp-content\/uploads\/2018\/11\/7-3-thegem-portfolio-justified.jpg 2x\" media=\"(max-width: 550px)\" sizes=\"100vw\"> <source srcset=\"https:\/\/www.sbydanismanlik.com\/wp-content\/uploads\/2018\/11\/7-3-thegem-portfolio-justified-2x.jpg 1x, https:\/\/www.sbydanismanlik.com\/wp-content\/uploads\/2018\/11\/7-3-thegem-portfolio-justified.jpg 2x\" media=\"(max-width: 1920px)\" sizes=\"100vw\"> <img decoding=\"async\" src=\"https:\/\/www.sbydanismanlik.com\/wp-content\/uploads\/2018\/11\/7-3-thegem-portfolio-justified.jpg\" width=\"844\" height=\"767\" class=\"img-responsive\" alt=\"7 (Demo)\" \/> <\/picture> <\/a><\/div> <\/div> <div class=\"overlay\"> <div class=\"overlay-circle\"><\/div> <div class=\"links-wrapper\"> <div class=\"links\"> <div class=\"caption\"> <a href=\"https:\/\/www.sbydanismanlik.com\/de\/uebersetzungsdienste\/\" class=\"portolio-item-link\"><\/a> <div class=\"grid-post-meta \"> <span class=\"post-meta-likes\"><a href=\"#\" class=\"zilla-likes\" id=\"zilla-likes-26569\" title=\"Like this\"><span class=\"zilla-likes-count\">0<\/span> <span class=\"zilla-likes-postfix\"><\/span><\/a><\/span> <\/div> <div class=\"description \"> <div class=\"subtitle\"> <p>Terc\u00fcme, sadece bir sanat t\u00fcr\u00fc de\u011fil, ayn\u0131 zamanda bir bilim dal\u0131d\u0131r. \u0130yi bir terc\u00fcmenin ortaya \u00e7\u0131kmas\u0131 i\u00e7in sekt\u00f6re \u00f6zel bilgi birikimi ve deneyim ile k\u00fclt\u00fcrel farkl\u0131l\u0131klar\u0131 kavrama yetisi, m\u00fckemmel yaz\u0131 becerileri <\/p> <\/div> <\/div> <div class=\"post-author-outer\"> <div class=\"author\"> <span class=\"author-avatar\"><img alt='' src='https:\/\/secure.gravatar.com\/avatar\/1867852a80a6016086bb7e00f79f719fd1944c170f5d4cd375da1c9c2fe69e19?s=50&#038;d=mm&#038;r=g' srcset='https:\/\/secure.gravatar.com\/avatar\/1867852a80a6016086bb7e00f79f719fd1944c170f5d4cd375da1c9c2fe69e19?s=100&#038;d=mm&#038;r=g 2x' class='avatar avatar-50 photo' height='50' width='50' \/><\/span> <span class=\"author-name\">By admin<\/span> <\/div> <\/div> <\/div> <\/div> <\/div> <\/div> <\/div> <div class=\"caption post-26569 post type-post status-publish format-standard has-post-thumbnail category-blog-de\"> <div class=\"post-date\">2 Dezember 2018<\/div> <div class=\"title\"> <div class=\"title-h6\"><a href=\"https:\/\/www.sbydanismanlik.com\/de\/uebersetzungsdienste\/\" rel=\"bookmark\">\u00dcBERSETZUNGSDIENSTE<\/a><\/div> <\/div> <div class=\"info\"> <a data-slug=\"blog-de\">Blog<\/a> <\/div> <\/div> <\/div> <\/div> <\/div><!-- .portflio-set --> <div class=\"portfolio-item-size-container\"> <div class=\"portfolio-item blog-de col-sm-6 col-xs-12 item-animations-not-inited show-caption-border post-has-author post-26569 post type-post status-publish format-standard has-post-thumbnail category-blog-de\"> <\/div> <\/div> <\/div><!-- .row--> <\/div><!-- .full-width --> <\/div><!-- .portfolio--> <\/div><!-- .portfolio-preloader-wrapper--><div class=\"clearboth\"><\/div><div class=\"gem-divider \" style=\"margin-top: 75px;\"><\/div>[\/vc_column][\/vc_row]<\/p>\n","protected":false},"excerpt":{"rendered":"<p>[vc_row][vc_column][\/vc_column][\/vc_row]<\/p>\n","protected":false},"author":2,"featured_media":0,"parent":26462,"menu_order":0,"comment_status":"closed","ping_status":"closed","template":"","meta":{"footnotes":""},"class_list":["post-26464","page","type-page","status-publish"],"yoast_head":"<!-- This site is optimized with the Yoast SEO plugin v27.4 - https:\/\/yoast.com\/product\/yoast-seo-wordpress\/ -->\n<title>BLOG - SBY Dan\u0131\u015fmanl\u0131k<\/title>\n<meta name=\"description\" content=\"Blog haberleri, profesyonel terc\u00fcme ve \u00e7eviri hizmetleri. yeminl tasdikli \u00e7eviri hizmeti, S\u00f6zl\u00fc ve yaz\u0131l\u0131 terc\u00fcme hizmetleri, Yaz\u0131l\u0131 ve S\u00f6zl\u00fc terc\u00fcme\" \/>\n<meta name=\"robots\" content=\"index, follow, max-snippet:-1, max-image-preview:large, max-video-preview:-1\" \/>\n<link rel=\"canonical\" href=\"https:\/\/www.sbydanismanlik.com\/de\/blog-haberleri\/blog\/\" \/>\n<meta property=\"og:locale\" content=\"de_DE\" \/>\n<meta property=\"og:type\" content=\"article\" \/>\n<meta property=\"og:title\" content=\"BLOG - SBY Dan\u0131\u015fmanl\u0131k\" \/>\n<meta property=\"og:description\" content=\"Blog haberleri, profesyonel terc\u00fcme ve \u00e7eviri hizmetleri. yeminl tasdikli \u00e7eviri hizmeti, S\u00f6zl\u00fc ve yaz\u0131l\u0131 terc\u00fcme hizmetleri, Yaz\u0131l\u0131 ve S\u00f6zl\u00fc terc\u00fcme\" \/>\n<meta property=\"og:url\" content=\"https:\/\/www.sbydanismanlik.com\/de\/blog-haberleri\/blog\/\" \/>\n<meta property=\"og:site_name\" content=\"SBY Dan\u0131\u015fmanl\u0131k\" \/>\n<meta property=\"article:modified_time\" content=\"2020-10-25T14:39:22+00:00\" \/>\n<meta name=\"twitter:card\" content=\"summary_large_image\" \/>\n<script type=\"application\/ld+json\" class=\"yoast-schema-graph\">{\"@context\":\"https:\\\/\\\/schema.org\",\"@graph\":[{\"@type\":\"WebPage\",\"@id\":\"https:\\\/\\\/www.sbydanismanlik.com\\\/de\\\/blog-haberleri\\\/blog\\\/\",\"url\":\"https:\\\/\\\/www.sbydanismanlik.com\\\/de\\\/blog-haberleri\\\/blog\\\/\",\"name\":\"BLOG - SBY Dan\u0131\u015fmanl\u0131k\",\"isPartOf\":{\"@id\":\"https:\\\/\\\/www.sbydanismanlik.com\\\/de\\\/#website\"},\"datePublished\":\"2018-11-26T13:08:12+00:00\",\"dateModified\":\"2020-10-25T14:39:22+00:00\",\"description\":\"Blog haberleri, profesyonel terc\u00fcme ve \u00e7eviri hizmetleri. yeminl tasdikli \u00e7eviri hizmeti, S\u00f6zl\u00fc ve yaz\u0131l\u0131 terc\u00fcme hizmetleri, Yaz\u0131l\u0131 ve S\u00f6zl\u00fc terc\u00fcme\",\"breadcrumb\":{\"@id\":\"https:\\\/\\\/www.sbydanismanlik.com\\\/de\\\/blog-haberleri\\\/blog\\\/#breadcrumb\"},\"inLanguage\":\"de\",\"potentialAction\":[{\"@type\":\"ReadAction\",\"target\":[\"https:\\\/\\\/www.sbydanismanlik.com\\\/de\\\/blog-haberleri\\\/blog\\\/\"]}]},{\"@type\":\"BreadcrumbList\",\"@id\":\"https:\\\/\\\/www.sbydanismanlik.com\\\/de\\\/blog-haberleri\\\/blog\\\/#breadcrumb\",\"itemListElement\":[{\"@type\":\"ListItem\",\"position\":1,\"name\":\"Ana sayfa\",\"item\":\"https:\\\/\\\/www.sbydanismanlik.com\\\/de\\\/\"},{\"@type\":\"ListItem\",\"position\":2,\"name\":\"Blog Haberleri\",\"item\":\"https:\\\/\\\/www.sbydanismanlik.com\\\/de\\\/blog-haberleri\\\/\"},{\"@type\":\"ListItem\",\"position\":3,\"name\":\"BLOG\"}]},{\"@type\":\"WebSite\",\"@id\":\"https:\\\/\\\/www.sbydanismanlik.com\\\/de\\\/#website\",\"url\":\"https:\\\/\\\/www.sbydanismanlik.com\\\/de\\\/\",\"name\":\"SBY Dan\u0131\u015fmanl\u0131k\",\"description\":\"SBY Dan\u0131\u015fmanl\u0131k Terc\u00fcme Hizmetleri\",\"potentialAction\":[{\"@type\":\"SearchAction\",\"target\":{\"@type\":\"EntryPoint\",\"urlTemplate\":\"https:\\\/\\\/www.sbydanismanlik.com\\\/de\\\/?s={search_term_string}\"},\"query-input\":{\"@type\":\"PropertyValueSpecification\",\"valueRequired\":true,\"valueName\":\"search_term_string\"}}],\"inLanguage\":\"de\"}]}<\/script>\n<!-- \/ Yoast SEO plugin. -->","yoast_head_json":{"title":"BLOG - SBY Dan\u0131\u015fmanl\u0131k","description":"Blog haberleri, profesyonel terc\u00fcme ve \u00e7eviri hizmetleri. yeminl tasdikli \u00e7eviri hizmeti, S\u00f6zl\u00fc ve yaz\u0131l\u0131 terc\u00fcme hizmetleri, Yaz\u0131l\u0131 ve S\u00f6zl\u00fc terc\u00fcme","robots":{"index":"index","follow":"follow","max-snippet":"max-snippet:-1","max-image-preview":"max-image-preview:large","max-video-preview":"max-video-preview:-1"},"canonical":"https:\/\/www.sbydanismanlik.com\/de\/blog-haberleri\/blog\/","og_locale":"de_DE","og_type":"article","og_title":"BLOG - SBY Dan\u0131\u015fmanl\u0131k","og_description":"Blog haberleri, profesyonel terc\u00fcme ve \u00e7eviri hizmetleri. yeminl tasdikli \u00e7eviri hizmeti, S\u00f6zl\u00fc ve yaz\u0131l\u0131 terc\u00fcme hizmetleri, Yaz\u0131l\u0131 ve S\u00f6zl\u00fc terc\u00fcme","og_url":"https:\/\/www.sbydanismanlik.com\/de\/blog-haberleri\/blog\/","og_site_name":"SBY Dan\u0131\u015fmanl\u0131k","article_modified_time":"2020-10-25T14:39:22+00:00","twitter_card":"summary_large_image","schema":{"@context":"https:\/\/schema.org","@graph":[{"@type":"WebPage","@id":"https:\/\/www.sbydanismanlik.com\/de\/blog-haberleri\/blog\/","url":"https:\/\/www.sbydanismanlik.com\/de\/blog-haberleri\/blog\/","name":"BLOG - SBY Dan\u0131\u015fmanl\u0131k","isPartOf":{"@id":"https:\/\/www.sbydanismanlik.com\/de\/#website"},"datePublished":"2018-11-26T13:08:12+00:00","dateModified":"2020-10-25T14:39:22+00:00","description":"Blog haberleri, profesyonel terc\u00fcme ve \u00e7eviri hizmetleri. yeminl tasdikli \u00e7eviri hizmeti, S\u00f6zl\u00fc ve yaz\u0131l\u0131 terc\u00fcme hizmetleri, Yaz\u0131l\u0131 ve S\u00f6zl\u00fc terc\u00fcme","breadcrumb":{"@id":"https:\/\/www.sbydanismanlik.com\/de\/blog-haberleri\/blog\/#breadcrumb"},"inLanguage":"de","potentialAction":[{"@type":"ReadAction","target":["https:\/\/www.sbydanismanlik.com\/de\/blog-haberleri\/blog\/"]}]},{"@type":"BreadcrumbList","@id":"https:\/\/www.sbydanismanlik.com\/de\/blog-haberleri\/blog\/#breadcrumb","itemListElement":[{"@type":"ListItem","position":1,"name":"Ana sayfa","item":"https:\/\/www.sbydanismanlik.com\/de\/"},{"@type":"ListItem","position":2,"name":"Blog Haberleri","item":"https:\/\/www.sbydanismanlik.com\/de\/blog-haberleri\/"},{"@type":"ListItem","position":3,"name":"BLOG"}]},{"@type":"WebSite","@id":"https:\/\/www.sbydanismanlik.com\/de\/#website","url":"https:\/\/www.sbydanismanlik.com\/de\/","name":"SBY Dan\u0131\u015fmanl\u0131k","description":"SBY Dan\u0131\u015fmanl\u0131k Terc\u00fcme Hizmetleri","potentialAction":[{"@type":"SearchAction","target":{"@type":"EntryPoint","urlTemplate":"https:\/\/www.sbydanismanlik.com\/de\/?s={search_term_string}"},"query-input":{"@type":"PropertyValueSpecification","valueRequired":true,"valueName":"search_term_string"}}],"inLanguage":"de"}]}},"_links":{"self":[{"href":"https:\/\/www.sbydanismanlik.com\/de\/wp-json\/wp\/v2\/pages\/26464","targetHints":{"allow":["GET"]}}],"collection":[{"href":"https:\/\/www.sbydanismanlik.com\/de\/wp-json\/wp\/v2\/pages"}],"about":[{"href":"https:\/\/www.sbydanismanlik.com\/de\/wp-json\/wp\/v2\/types\/page"}],"author":[{"embeddable":true,"href":"https:\/\/www.sbydanismanlik.com\/de\/wp-json\/wp\/v2\/users\/2"}],"replies":[{"embeddable":true,"href":"https:\/\/www.sbydanismanlik.com\/de\/wp-json\/wp\/v2\/comments?post=26464"}],"version-history":[{"count":1,"href":"https:\/\/www.sbydanismanlik.com\/de\/wp-json\/wp\/v2\/pages\/26464\/revisions"}],"predecessor-version":[{"id":26465,"href":"https:\/\/www.sbydanismanlik.com\/de\/wp-json\/wp\/v2\/pages\/26464\/revisions\/26465"}],"up":[{"embeddable":true,"href":"https:\/\/www.sbydanismanlik.com\/de\/wp-json\/wp\/v2\/pages\/26462"}],"wp:attachment":[{"href":"https:\/\/www.sbydanismanlik.com\/de\/wp-json\/wp\/v2\/media?parent=26464"}],"curies":[{"name":"wp","href":"https:\/\/api.w.org\/{rel}","templated":true}]}}