{"id":26192,"date":"2019-12-20T12:43:18","date_gmt":"2019-12-20T09:43:18","guid":{"rendered":"https:\/\/www.sbydanismanlik.com\/is-basvuru-formu\/"},"modified":"2020-07-26T19:44:14","modified_gmt":"2020-07-26T16:44:14","slug":"%d8%a7%d8%b3%d8%aa%d9%85%d8%a7%d8%b1%d8%a9-%d8%b7%d9%84%d8%a8-%d9%88%d8%b8%d9%8a%d9%81%d8%a9","status":"publish","type":"page","link":"https:\/\/www.sbydanismanlik.com\/ar\/%d8%a7%d8%b3%d8%aa%d9%85%d8%a7%d8%b1%d8%a9-%d8%b7%d9%84%d8%a8-%d9%88%d8%b8%d9%8a%d9%81%d8%a9\/","title":{"rendered":"\u0627\u0633\u062a\u0645\u0627\u0631\u0629 \u0637\u0644\u0628 \u0648\u0638\u064a\u0641\u0629"},"content":{"rendered":"<p>[vc_row][vc_column][vc_column_text]<\/p>\n<h1 style=\"text-align: center;\">\u0647\u0644 \u062a\u0631\u063a\u0628 \u0641\u064a \u0627\u0644\u0639\u0645\u0644 \u0645\u0639\u0646\u0627\u061f<\/h1>\n<p>[\/vc_column_text][\/vc_column][\/vc_row][vc_row][vc_column]<div class=\"clearboth\"><\/div><div class=\"gem-divider \" style=\"\"><\/div>[\/vc_column][\/vc_row][vc_row][vc_column][vc_tta_accordion][vc_tta_section title=&#8221;SATI\u015e PAZARLAMA UZMANI&#8221; tab_id=&#8221;1576833994677-7ee58118-f61d&#8221;][vc_column_text]<\/p>\n<h2>GENEL N\u0130TEL\u0130KLER VE \u0130\u015e TANIMI<\/h2>\n<p><strong>Sa\u00e7 Ekim Merkezinde g\u00f6revlendirilmek \u00fczere ;<\/strong><\/p>\n<p>* Sa\u00e7 Ekim Merkezinde sat\u0131\u015f pazarlama konusunda deneyimli,<br \/>\n* Yabanc\u0131 dil bilgisine sahip (\u0130TALYANCA, ROMENCE, ARNAVUT\u00c7A, \u0130SPANYOLCA VE BALKAN D\u0130LLER\u0130NDEN HERHANG\u0130 B\u0130R\u0130)<br \/>\n* Yurt d\u0131\u015f\u0131 pazar\u0131nda sat\u0131\u015f yapabilecek<br \/>\n* \u0130kna kabiliyeti y\u00fcksek,<br \/>\n* Tercihen \u00dcniversite mezunu,<br \/>\n* \u0130fade yetene\u011fi y\u00fcksek, diksiyonu d\u00fczg\u00fcn, prezantabl<\/p>\n<p><em>Not: Deneyimsiz olan adaylar\u0131n ba\u015fvurular\u0131 dikkate al\u0131nmayacakt\u0131r.<\/em><\/p>\n<h3>Aday Kriterleri<\/h3>\n<p><strong>Tecr\u00fcbe:<\/strong><br \/>\n* 1 &#8211; 5 y\u0131l tecr\u00fcbeli adaylar<br \/>\n* E\u011fitim Seviyesi: Lise(Mezun), \u00d6n Lisans(Mezun), \u00dcniversite(Mezun)[\/vc_column_text][\/vc_tta_section][vc_tta_section title=&#8221;\u0130\u015e GEL\u0130\u015eT\u0130RME UZMANI&#8221; tab_id=&#8221;1576833994702-92dcb6df-d373&#8243;][vc_column_text]<\/p>\n<h2>GENEL N\u0130TEL\u0130KLER VE \u0130\u015e TANIMI<\/h2>\n<p><strong>Sa\u00e7 Ekim Merkezinde g\u00f6revlendirilmek \u00fczere ;<\/strong><\/p>\n<p>* Sa\u00e7 Ekim Merkezinde veya Sa\u011fl\u0131k Sekt\u00f6r\u00fcnde \u0130\u015f Geli\u015ftirme konusunda deneyimli,<br \/>\n* Yabanc\u0131 dil bilgisine sahip (FRANSIZCA, \u0130NG\u0130L\u0130ZCE, ARAP\u00c7A, RUS\u00c7A VE BALKAN D\u0130LLERiNDEN HERHANG\u0130 B\u0130R\u0130)<br \/>\n* Proje y\u00f6netimi, i\u015f geli\u015ftirme, sat\u0131\u015f geli\u015ftirme pozisyonlar\u0131nda en deneyimli,<br \/>\n* Analitik d\u00fc\u015f\u00fcnme yetene\u011fine ve karar verme becerisine sahip, sonu\u00e7 odakl\u0131,<br \/>\n* Etkin zaman y\u00f6netimi yapabilen ve yo\u011fun \u00e7al\u0131\u015fma temposuna ayak uydurabilen<br \/>\n* Planlama ve i\u015f s\u00fcre\u00e7lerinin y\u00f6netimi konusunda yetkin,<br \/>\n* Disiplinli, aktif, vizyon sahibi, sekt\u00f6r\u00fcn\u00fc yak\u0131ndan takip eden,<br \/>\n* Ara\u015ft\u0131rma ve raporlama yapabilen,<br \/>\n* Tercihen \u00dcniversite mezunu,<br \/>\n* \u0130fade yetene\u011fi y\u00fcksek, diksiyonu d\u00fczg\u00fcn, prezantabl<br \/>\n<em>Not: Deneyimsiz olan adaylar\u0131n ba\u015fvurular\u0131 dikkate al\u0131nmayacakt\u0131r.<\/em><\/p>\n<h3>Aday Kriterleri<\/h3>\n<p><strong>Tecr\u00fcbe:<\/strong><br \/>\n* 1 &#8211; 5 y\u0131l tecr\u00fcbeli adaylar<br \/>\n* E\u011fitim Seviyesi: Lise(Mezun), \u00d6n Lisans(Mezun), \u00dcniversite(Mezun)[\/vc_column_text][\/vc_tta_section][vc_tta_section title=&#8221;TIBB\u0130 YAZILI TERC\u00dcME UZMANI&#8221; tab_id=&#8221;1576835276648-50798a55-35e2&#8243;][vc_column_text]<\/p>\n<h2>GENEL N\u0130TEL\u0130KLER VE \u0130\u015e TANIMI<\/h2>\n<p>* T\u0131bbi Yaz\u0131l\u0131 \u00c7eviri konusunda deneyimli,<br \/>\n* Yabanc\u0131 dil bilgisine sahip (RUS\u00c7A-\u0130NG\u0130L\u0130ZCE , RUS\u00c7A, FRANSIZCA-\u0130NG\u0130L\u0130ZCE, FRANSIZCA, ARAP\u00c7A-\u0130NG\u0130L\u0130ZCE , ARAP\u00c7A Dillerine veya Dil \u00c7iftlerine sahip)<br \/>\n* G\u00fcnl\u00fck en az 30.000 karakter ( 30 sayfa ) yaz\u0131l\u0131 \u00e7eviri yapabilecek,<br \/>\n* Kesinlikle translate kullanmayan,<br \/>\n* Sa\u011fl\u0131k sekt\u00f6r\u00fcnde en az 1 y\u0131l deneyimli,<br \/>\n* Sunum, temsil ve ikna yetene\u011fi geli\u015fmi\u015f,<br \/>\n* Tempolu ve esnek \u00e7al\u0131\u015fma saatlerine uyabilecek,<br \/>\n* Ekip \u00e7al\u0131\u015fmas\u0131na \u00f6nem veren,<br \/>\n* Tercihen Ms office programlar\u0131n\u0131 kullanabilen,<br \/>\n* Tercihen \u00dcniversite mezunu,<br \/>\n<em>Not: Deneyimsiz olan adaylar\u0131n ba\u015fvurular\u0131 dikkate al\u0131nmayacakt\u0131r.<\/em><\/p>\n<h3>Aday Kriterleri<\/h3>\n<p><strong>Tecr\u00fcbe:<\/strong><br \/>\n* 1 &#8211; 5 y\u0131l tecr\u00fcbeli adaylar<br \/>\n* E\u011fitim Seviyesi: Lise(Mezun), \u00d6n Lisans(Mezun), \u00dcniversite(Mezun)[\/vc_column_text][\/vc_tta_section][\/vc_tta_accordion][\/vc_column][\/vc_row][vc_row][vc_column]<div class=\"clearboth\"><\/div><div class=\"gem-divider \" style=\"\"><\/div>[\/vc_column][\/vc_row][vc_row][vc_column]\n<div class=\"wpcf7 no-js\" id=\"wpcf7-f25221-o1\" lang=\"tr-TR\" dir=\"ltr\" data-wpcf7-id=\"25221\">\n<div class=\"screen-reader-response\"><p role=\"status\" aria-live=\"polite\" aria-atomic=\"true\"><\/p> <ul><\/ul><\/div>\n<form action=\"\/ar\/wp-json\/wp\/v2\/pages\/26192#wpcf7-f25221-o1\" method=\"post\" class=\"wpcf7-form init\" aria-label=\"\u0130leti\u015fim Formu\" enctype=\"multipart\/form-data\" novalidate=\"novalidate\" data-status=\"init\">\n<fieldset class=\"hidden-fields-container\"><input type=\"hidden\" name=\"_wpcf7\" value=\"25221\" \/><input type=\"hidden\" name=\"_wpcf7_version\" value=\"6.1.5\" \/><input type=\"hidden\" name=\"_wpcf7_locale\" value=\"tr_TR\" \/><input type=\"hidden\" name=\"_wpcf7_unit_tag\" value=\"wpcf7-f25221-o1\" \/><input type=\"hidden\" name=\"_wpcf7_container_post\" value=\"0\" \/><input type=\"hidden\" name=\"_wpcf7_posted_data_hash\" value=\"\" \/><input type=\"hidden\" name=\"_wpcf7_recaptcha_response\" value=\"\" \/>\n<\/fieldset>\n<div class=\"row\">\n\t<div class=\"form-line col-lg-4 col-md-4 col-xs-12\">\n\t\t<div class=\"gem-form-icon-name\">\n\t\t\t<p><span class=\"wpcf7-form-control-wrap\" data-name=\"your-name\"><input size=\"40\" maxlength=\"400\" class=\"wpcf7-form-control wpcf7-text wpcf7-validates-as-required\" aria-required=\"true\" aria-invalid=\"false\" placeholder=\"Ad Soyad*\" value=\"\" type=\"text\" name=\"your-name\" \/><\/span>\n\t\t\t<\/p>\n\t\t<\/div>\n\t<\/div>\n\t<div class=\"form-line col-lg-4 col-md-4 col-xs-12\">\n\t\t<div class=\"gem-form-icon-email\">\n\t\t\t<p><span class=\"wpcf7-form-control-wrap\" data-name=\"your-email\"><input size=\"40\" maxlength=\"400\" class=\"wpcf7-form-control wpcf7-email wpcf7-validates-as-required wpcf7-text wpcf7-validates-as-email\" aria-required=\"true\" aria-invalid=\"false\" placeholder=\"E-Posta*\" value=\"\" type=\"email\" name=\"your-email\" \/><\/span>\n\t\t\t<\/p>\n\t\t<\/div>\n\t<\/div>\n\t<div class=\"form-line col-lg-4 col-md-4 col-xs-12\">\n\t\t<div class=\"gem-form-icon-Phone\">\n\t\t\t<p><span class=\"wpcf7-form-control-wrap\" data-name=\"your-phone\"><input size=\"40\" maxlength=\"400\" class=\"wpcf7-form-control wpcf7-text\" aria-invalid=\"false\" placeholder=\"Telefon No*\" value=\"\" type=\"text\" name=\"your-phone\" \/><\/span>\n\t\t\t<\/p>\n\t\t<\/div>\n\t<\/div>\n\t<div class=\"form-line col-lg-12 col-md-12 col-xs-12\">\n\t\t<p><span class=\"wpcf7-form-control-wrap\" data-name=\"your-message\"><textarea cols=\"40\" rows=\"10\" maxlength=\"2000\" class=\"wpcf7-form-control wpcf7-textarea wpcf7-validates-as-required\" aria-required=\"true\" aria-invalid=\"false\" placeholder=\"Mesaj\u0131n\u0131z\" name=\"your-message\"><\/textarea><\/span>\n\t\t<\/p>\n\t<\/div>\n\t<div class=\"form-line col-lg-6 col-md-6 col-xs-12\">\n\t\t<p><label color=\"red\">\u00d6zge\u00e7mi\u015finizi ekleyiniz.<br \/>\nNot: PDF uzant\u0131l\u0131 dosyalar y\u00fcklenebilir.<\/label><span class=\"wpcf7-form-control-wrap\" data-name=\"file-evrak\"><input size=\"40\" class=\"wpcf7-form-control wpcf7-file wpcf7-validates-as-required\" accept=\".pdf\" aria-required=\"true\" aria-invalid=\"false\" type=\"file\" name=\"file-evrak\" \/><\/span>\n\t\t<\/p>\n\t<\/div>\n\t<div class=\"col-lg-12 col-md-12 col-xs-12\">\n\t\t<p><input class=\"wpcf7-form-control wpcf7-submit\" type=\"submit\" value=\"BA\u015eVURUYU G\u00d6NDER\" \/>\n\t\t<\/p>\n\t<\/div>\n<\/div><p style=\"display: none !important;\" class=\"akismet-fields-container\" data-prefix=\"_wpcf7_ak_\"><label>&#916;<textarea name=\"_wpcf7_ak_hp_textarea\" cols=\"45\" rows=\"8\" maxlength=\"100\"><\/textarea><\/label><input type=\"hidden\" id=\"ak_js_1\" name=\"_wpcf7_ak_js\" value=\"193\"\/><script>document.getElementById( \"ak_js_1\" ).setAttribute( \"value\", ( new Date() ).getTime() );<\/script><\/p><div class=\"wpcf7-response-output\" aria-hidden=\"true\"><\/div>\n<\/form>\n<\/div>\n[\/vc_column][\/vc_row]<\/p>\n","protected":false},"excerpt":{"rendered":"<p>[vc_row][vc_column][vc_column_text] \u0647\u0644 \u062a\u0631\u063a\u0628 \u0641\u064a \u0627\u0644\u0639\u0645\u0644 \u0645\u0639\u0646\u0627\u061f [\/vc_column_text][\/vc_column][\/vc_row][vc_row][vc_column][\/vc_column][\/vc_row][vc_row][vc_column][vc_tta_accordion][vc_tta_section title=&#8221;SATI\u015e PAZARLAMA UZMANI&#8221; tab_id=&#8221;1576833994677-7ee58118-f61d&#8221;][vc_column_text] GENEL N\u0130TEL\u0130KLER VE \u0130\u015e TANIMI Sa\u00e7 Ekim Merkezinde g\u00f6revlendirilmek&#8230;<\/p>\n","protected":false},"author":1,"featured_media":0,"parent":0,"menu_order":0,"comment_status":"closed","ping_status":"closed","template":"","meta":{"footnotes":""},"class_list":["post-26192","page","type-page","status-publish"],"yoast_head":"<!-- This site is optimized with the Yoast SEO plugin v27.3 - https:\/\/yoast.com\/product\/yoast-seo-wordpress\/ -->\n<title>\u0627\u0633\u062a\u0645\u0627\u0631\u0629 \u0637\u0644\u0628 \u0648\u0638\u064a\u0641\u0629 - SBY Dan\u0131\u015fmanl\u0131k<\/title>\n<meta name=\"description\" content=\"SBY Dan\u0131\u015fmanl\u0131k ile \u00e7al\u0131\u015fma hayat\u0131n\u0131za yeni bir soluk kat\u0131n. \u0130\u015f ba\u015fvuru formunu doldurup \u0130K departman\u0131z ile g\u00f6r\u00fc\u015febilirsiniz.\" \/>\n<meta name=\"robots\" content=\"index, follow, max-snippet:-1, max-image-preview:large, max-video-preview:-1\" \/>\n<link rel=\"canonical\" href=\"https:\/\/www.sbydanismanlik.com\/ar\/%d8%a7%d8%b3%d8%aa%d9%85%d8%a7%d8%b1%d8%a9-%d8%b7%d9%84%d8%a8-%d9%88%d8%b8%d9%8a%d9%81%d8%a9\/\" \/>\n<meta property=\"og:locale\" content=\"ar_AR\" \/>\n<meta property=\"og:type\" content=\"article\" \/>\n<meta property=\"og:title\" content=\"\u0627\u0633\u062a\u0645\u0627\u0631\u0629 \u0637\u0644\u0628 \u0648\u0638\u064a\u0641\u0629 - SBY Dan\u0131\u015fmanl\u0131k\" \/>\n<meta property=\"og:description\" content=\"SBY Dan\u0131\u015fmanl\u0131k ile \u00e7al\u0131\u015fma hayat\u0131n\u0131za yeni bir soluk kat\u0131n. \u0130\u015f ba\u015fvuru formunu doldurup \u0130K departman\u0131z ile g\u00f6r\u00fc\u015febilirsiniz.\" \/>\n<meta property=\"og:url\" content=\"https:\/\/www.sbydanismanlik.com\/ar\/%d8%a7%d8%b3%d8%aa%d9%85%d8%a7%d8%b1%d8%a9-%d8%b7%d9%84%d8%a8-%d9%88%d8%b8%d9%8a%d9%81%d8%a9\/\" \/>\n<meta property=\"og:site_name\" content=\"SBY Dan\u0131\u015fmanl\u0131k\" \/>\n<meta property=\"article:modified_time\" content=\"2020-07-26T16:44:14+00:00\" \/>\n<meta name=\"twitter:card\" content=\"summary_large_image\" \/>\n<meta name=\"twitter:label1\" content=\"\u0648\u0642\u062a \u0627\u0644\u0642\u0631\u0627\u0621\u0629 \u0627\u0644\u0645\u064f\u0642\u062f\u0651\u0631\" \/>\n\t<meta name=\"twitter:data1\" content=\"\u062f\u0642\u064a\u0642\u062a\u0627\u0646\" \/>\n<script type=\"application\/ld+json\" class=\"yoast-schema-graph\">{\"@context\":\"https:\\\/\\\/schema.org\",\"@graph\":[{\"@type\":\"WebPage\",\"@id\":\"https:\\\/\\\/www.sbydanismanlik.com\\\/ar\\\/%d8%a7%d8%b3%d8%aa%d9%85%d8%a7%d8%b1%d8%a9-%d8%b7%d9%84%d8%a8-%d9%88%d8%b8%d9%8a%d9%81%d8%a9\\\/\",\"url\":\"https:\\\/\\\/www.sbydanismanlik.com\\\/ar\\\/%d8%a7%d8%b3%d8%aa%d9%85%d8%a7%d8%b1%d8%a9-%d8%b7%d9%84%d8%a8-%d9%88%d8%b8%d9%8a%d9%81%d8%a9\\\/\",\"name\":\"\u0627\u0633\u062a\u0645\u0627\u0631\u0629 \u0637\u0644\u0628 \u0648\u0638\u064a\u0641\u0629 - SBY Dan\u0131\u015fmanl\u0131k\",\"isPartOf\":{\"@id\":\"https:\\\/\\\/www.sbydanismanlik.com\\\/ar\\\/#website\"},\"datePublished\":\"2019-12-20T09:43:18+00:00\",\"dateModified\":\"2020-07-26T16:44:14+00:00\",\"description\":\"SBY Dan\u0131\u015fmanl\u0131k ile \u00e7al\u0131\u015fma hayat\u0131n\u0131za yeni bir soluk kat\u0131n. \u0130\u015f ba\u015fvuru formunu doldurup \u0130K departman\u0131z ile g\u00f6r\u00fc\u015febilirsiniz.\",\"breadcrumb\":{\"@id\":\"https:\\\/\\\/www.sbydanismanlik.com\\\/ar\\\/%d8%a7%d8%b3%d8%aa%d9%85%d8%a7%d8%b1%d8%a9-%d8%b7%d9%84%d8%a8-%d9%88%d8%b8%d9%8a%d9%81%d8%a9\\\/#breadcrumb\"},\"inLanguage\":\"ar\",\"potentialAction\":[{\"@type\":\"ReadAction\",\"target\":[\"https:\\\/\\\/www.sbydanismanlik.com\\\/ar\\\/%d8%a7%d8%b3%d8%aa%d9%85%d8%a7%d8%b1%d8%a9-%d8%b7%d9%84%d8%a8-%d9%88%d8%b8%d9%8a%d9%81%d8%a9\\\/\"]}]},{\"@type\":\"BreadcrumbList\",\"@id\":\"https:\\\/\\\/www.sbydanismanlik.com\\\/ar\\\/%d8%a7%d8%b3%d8%aa%d9%85%d8%a7%d8%b1%d8%a9-%d8%b7%d9%84%d8%a8-%d9%88%d8%b8%d9%8a%d9%81%d8%a9\\\/#breadcrumb\",\"itemListElement\":[{\"@type\":\"ListItem\",\"position\":1,\"name\":\"Ana sayfa\",\"item\":\"https:\\\/\\\/www.sbydanismanlik.com\\\/ar\\\/\"},{\"@type\":\"ListItem\",\"position\":2,\"name\":\"\u0627\u0633\u062a\u0645\u0627\u0631\u0629 \u0637\u0644\u0628 \u0648\u0638\u064a\u0641\u0629\"}]},{\"@type\":\"WebSite\",\"@id\":\"https:\\\/\\\/www.sbydanismanlik.com\\\/ar\\\/#website\",\"url\":\"https:\\\/\\\/www.sbydanismanlik.com\\\/ar\\\/\",\"name\":\"SBY Dan\u0131\u015fmanl\u0131k\",\"description\":\"SBY Dan\u0131\u015fmanl\u0131k Terc\u00fcme Hizmetleri\",\"potentialAction\":[{\"@type\":\"SearchAction\",\"target\":{\"@type\":\"EntryPoint\",\"urlTemplate\":\"https:\\\/\\\/www.sbydanismanlik.com\\\/ar\\\/?s={search_term_string}\"},\"query-input\":{\"@type\":\"PropertyValueSpecification\",\"valueRequired\":true,\"valueName\":\"search_term_string\"}}],\"inLanguage\":\"ar\"}]}<\/script>\n<!-- \/ Yoast SEO plugin. -->","yoast_head_json":{"title":"\u0627\u0633\u062a\u0645\u0627\u0631\u0629 \u0637\u0644\u0628 \u0648\u0638\u064a\u0641\u0629 - SBY Dan\u0131\u015fmanl\u0131k","description":"SBY Dan\u0131\u015fmanl\u0131k ile \u00e7al\u0131\u015fma hayat\u0131n\u0131za yeni bir soluk kat\u0131n. \u0130\u015f ba\u015fvuru formunu doldurup \u0130K departman\u0131z ile g\u00f6r\u00fc\u015febilirsiniz.","robots":{"index":"index","follow":"follow","max-snippet":"max-snippet:-1","max-image-preview":"max-image-preview:large","max-video-preview":"max-video-preview:-1"},"canonical":"https:\/\/www.sbydanismanlik.com\/ar\/%d8%a7%d8%b3%d8%aa%d9%85%d8%a7%d8%b1%d8%a9-%d8%b7%d9%84%d8%a8-%d9%88%d8%b8%d9%8a%d9%81%d8%a9\/","og_locale":"ar_AR","og_type":"article","og_title":"\u0627\u0633\u062a\u0645\u0627\u0631\u0629 \u0637\u0644\u0628 \u0648\u0638\u064a\u0641\u0629 - SBY Dan\u0131\u015fmanl\u0131k","og_description":"SBY Dan\u0131\u015fmanl\u0131k ile \u00e7al\u0131\u015fma hayat\u0131n\u0131za yeni bir soluk kat\u0131n. \u0130\u015f ba\u015fvuru formunu doldurup \u0130K departman\u0131z ile g\u00f6r\u00fc\u015febilirsiniz.","og_url":"https:\/\/www.sbydanismanlik.com\/ar\/%d8%a7%d8%b3%d8%aa%d9%85%d8%a7%d8%b1%d8%a9-%d8%b7%d9%84%d8%a8-%d9%88%d8%b8%d9%8a%d9%81%d8%a9\/","og_site_name":"SBY Dan\u0131\u015fmanl\u0131k","article_modified_time":"2020-07-26T16:44:14+00:00","twitter_card":"summary_large_image","twitter_misc":{"\u0648\u0642\u062a \u0627\u0644\u0642\u0631\u0627\u0621\u0629 \u0627\u0644\u0645\u064f\u0642\u062f\u0651\u0631":"\u062f\u0642\u064a\u0642\u062a\u0627\u0646"},"schema":{"@context":"https:\/\/schema.org","@graph":[{"@type":"WebPage","@id":"https:\/\/www.sbydanismanlik.com\/ar\/%d8%a7%d8%b3%d8%aa%d9%85%d8%a7%d8%b1%d8%a9-%d8%b7%d9%84%d8%a8-%d9%88%d8%b8%d9%8a%d9%81%d8%a9\/","url":"https:\/\/www.sbydanismanlik.com\/ar\/%d8%a7%d8%b3%d8%aa%d9%85%d8%a7%d8%b1%d8%a9-%d8%b7%d9%84%d8%a8-%d9%88%d8%b8%d9%8a%d9%81%d8%a9\/","name":"\u0627\u0633\u062a\u0645\u0627\u0631\u0629 \u0637\u0644\u0628 \u0648\u0638\u064a\u0641\u0629 - SBY Dan\u0131\u015fmanl\u0131k","isPartOf":{"@id":"https:\/\/www.sbydanismanlik.com\/ar\/#website"},"datePublished":"2019-12-20T09:43:18+00:00","dateModified":"2020-07-26T16:44:14+00:00","description":"SBY Dan\u0131\u015fmanl\u0131k ile \u00e7al\u0131\u015fma hayat\u0131n\u0131za yeni bir soluk kat\u0131n. \u0130\u015f ba\u015fvuru formunu doldurup \u0130K departman\u0131z ile g\u00f6r\u00fc\u015febilirsiniz.","breadcrumb":{"@id":"https:\/\/www.sbydanismanlik.com\/ar\/%d8%a7%d8%b3%d8%aa%d9%85%d8%a7%d8%b1%d8%a9-%d8%b7%d9%84%d8%a8-%d9%88%d8%b8%d9%8a%d9%81%d8%a9\/#breadcrumb"},"inLanguage":"ar","potentialAction":[{"@type":"ReadAction","target":["https:\/\/www.sbydanismanlik.com\/ar\/%d8%a7%d8%b3%d8%aa%d9%85%d8%a7%d8%b1%d8%a9-%d8%b7%d9%84%d8%a8-%d9%88%d8%b8%d9%8a%d9%81%d8%a9\/"]}]},{"@type":"BreadcrumbList","@id":"https:\/\/www.sbydanismanlik.com\/ar\/%d8%a7%d8%b3%d8%aa%d9%85%d8%a7%d8%b1%d8%a9-%d8%b7%d9%84%d8%a8-%d9%88%d8%b8%d9%8a%d9%81%d8%a9\/#breadcrumb","itemListElement":[{"@type":"ListItem","position":1,"name":"Ana sayfa","item":"https:\/\/www.sbydanismanlik.com\/ar\/"},{"@type":"ListItem","position":2,"name":"\u0627\u0633\u062a\u0645\u0627\u0631\u0629 \u0637\u0644\u0628 \u0648\u0638\u064a\u0641\u0629"}]},{"@type":"WebSite","@id":"https:\/\/www.sbydanismanlik.com\/ar\/#website","url":"https:\/\/www.sbydanismanlik.com\/ar\/","name":"SBY Dan\u0131\u015fmanl\u0131k","description":"SBY Dan\u0131\u015fmanl\u0131k Terc\u00fcme Hizmetleri","potentialAction":[{"@type":"SearchAction","target":{"@type":"EntryPoint","urlTemplate":"https:\/\/www.sbydanismanlik.com\/ar\/?s={search_term_string}"},"query-input":{"@type":"PropertyValueSpecification","valueRequired":true,"valueName":"search_term_string"}}],"inLanguage":"ar"}]}},"_links":{"self":[{"href":"https:\/\/www.sbydanismanlik.com\/ar\/wp-json\/wp\/v2\/pages\/26192","targetHints":{"allow":["GET"]}}],"collection":[{"href":"https:\/\/www.sbydanismanlik.com\/ar\/wp-json\/wp\/v2\/pages"}],"about":[{"href":"https:\/\/www.sbydanismanlik.com\/ar\/wp-json\/wp\/v2\/types\/page"}],"author":[{"embeddable":true,"href":"https:\/\/www.sbydanismanlik.com\/ar\/wp-json\/wp\/v2\/users\/1"}],"replies":[{"embeddable":true,"href":"https:\/\/www.sbydanismanlik.com\/ar\/wp-json\/wp\/v2\/comments?post=26192"}],"version-history":[{"count":3,"href":"https:\/\/www.sbydanismanlik.com\/ar\/wp-json\/wp\/v2\/pages\/26192\/revisions"}],"predecessor-version":[{"id":26195,"href":"https:\/\/www.sbydanismanlik.com\/ar\/wp-json\/wp\/v2\/pages\/26192\/revisions\/26195"}],"wp:attachment":[{"href":"https:\/\/www.sbydanismanlik.com\/ar\/wp-json\/wp\/v2\/media?parent=26192"}],"curies":[{"name":"wp","href":"https:\/\/api.w.org\/{rel}","templated":true}]}}