{"id":26162,"date":"2019-12-01T20:13:09","date_gmt":"2019-12-01T17:13:09","guid":{"rendered":"https:\/\/www.sbydanismanlik.com\/fiyat-teklifi-al\/"},"modified":"2020-07-18T19:34:28","modified_gmt":"2020-07-18T16:34:28","slug":"%d8%b9%d8%b1%d8%b6-%d8%b3%d8%b9%d8%b1-%d8%b3%d8%b1%d9%8a%d8%b9","status":"publish","type":"page","link":"https:\/\/www.sbydanismanlik.com\/ar\/%d8%b9%d8%b1%d8%b6-%d8%b3%d8%b9%d8%b1-%d8%b3%d8%b1%d9%8a%d8%b9\/","title":{"rendered":"\u0639\u0631\u0636 \u0633\u0639\u0631 \u0633\u0631\u064a\u0639"},"content":{"rendered":"<p>[vc_row][vc_column][vc_text_separator title=&#8221;\u0639\u0631\u0636 \u0633\u0639\u0631 \u0633\u0631\u064a\u0639&#8221;][\/vc_column][\/vc_row][vc_row][vc_column]\n<div class=\"wpcf7 no-js\" id=\"wpcf7-f24974-o1\" lang=\"tr-TR\" dir=\"ltr\" data-wpcf7-id=\"24974\">\n<div class=\"screen-reader-response\"><p role=\"status\" aria-live=\"polite\" aria-atomic=\"true\"><\/p> <ul><\/ul><\/div>\n<form action=\"\/ar\/wp-json\/wp\/v2\/pages\/26162#wpcf7-f24974-o1\" method=\"post\" class=\"wpcf7-form init\" aria-label=\"\u0130leti\u015fim Formu\" enctype=\"multipart\/form-data\" novalidate=\"novalidate\" data-status=\"init\">\n<fieldset class=\"hidden-fields-container\"><input type=\"hidden\" name=\"_wpcf7\" value=\"24974\" \/><input type=\"hidden\" name=\"_wpcf7_version\" value=\"6.1.5\" \/><input type=\"hidden\" name=\"_wpcf7_locale\" value=\"tr_TR\" \/><input type=\"hidden\" name=\"_wpcf7_unit_tag\" value=\"wpcf7-f24974-o1\" \/><input type=\"hidden\" name=\"_wpcf7_container_post\" value=\"0\" \/><input type=\"hidden\" name=\"_wpcf7_posted_data_hash\" value=\"\" \/><input type=\"hidden\" name=\"_wpcf7_recaptcha_response\" value=\"\" \/>\n<\/fieldset>\n<div class=\"row\">\n\t<style> .wpcf7-form-control-wrap select {padding:12px;background-color:#f4f6f7;}\n\t<\/style>\n\t<div class=\"form-line col-lg-6 col-md-6 col-xs-12\">\n\t\t<p><label>Belge Dilini Se\u00e7iniz.<\/label><span class=\"wpcf7-form-control-wrap\" data-name=\"your-select-belge-bir\"><select class=\"wpcf7-form-control wpcf7-select wpcf7-validates-as-required\" aria-required=\"true\" aria-invalid=\"false\" name=\"your-select-belge-bir\"><option value=\"Se\u00e7iniz*\">Se\u00e7iniz*<\/option><option value=\"Afrika dili\">Afrika dili<\/option><option value=\"Almanca\">Almanca<\/option><option value=\"Arap\u00e7a\">Arap\u00e7a<\/option><option value=\"Arnavut\u00e7a\">Arnavut\u00e7a<\/option><option value=\"Azerice\">Azerice<\/option><option value=\"Bask\u00e7a\">Bask\u00e7a<\/option><option value=\"Belarus\u00e7a\">Belarus\u00e7a<\/option><option value=\"Bengalce\">Bengalce<\/option><option value=\"Bo\u015fnak\u00e7a\">Bo\u015fnak\u00e7a<\/option><option value=\"Bulgarca\">Bulgarca<\/option><option value=\"Burmaca\">Burmaca<\/option><option value=\"Cava dili\">Cava dili<\/option><option value=\"Cebuano\">Cebuano<\/option><option value=\"Chicheva\">Chicheva<\/option><option value=\"\u00c7ek\u00e7e\">\u00c7ek\u00e7e<\/option><option value=\"\u00c7ince\">\u00c7ince<\/option><option value=\"Danca\">Danca<\/option><option value=\"Endonezya dili\">Endonezya dili<\/option><option value=\"Ermenice\">Ermenice<\/option><option value=\"Esperantoca\">Esperantoca<\/option><option value=\"Estonyaca\">Estonyaca<\/option><option value=\"Fars\u00e7a\">Fars\u00e7a<\/option><option value=\"Felemenk\u00e7e\">Felemenk\u00e7e<\/option><option value=\"Filipince\">Filipince<\/option><option value=\"Fince\">Fince<\/option><option value=\"Frans\u0131zca\">Frans\u0131zca<\/option><option value=\"Frizon dili\">Frizon dili<\/option><option value=\"Galce\">Galce<\/option><option value=\"Gali\u00e7yaca\">Gali\u00e7yaca<\/option><option value=\"G\u00fccerat dili\">G\u00fccerat dili<\/option><option value=\"G\u00fcrc\u00fcce\">G\u00fcrc\u00fcce<\/option><option value=\"Habe\u015f\u00e7e\">Habe\u015f\u00e7e<\/option><option value=\"Haiti creole dili\">Haiti creole dili<\/option><option value=\"Hausa dili\">Hausa dili<\/option><option value=\"Havai dili\">Havai dili<\/option><option value=\"H\u0131rvat\u00e7a\">H\u0131rvat\u00e7a<\/option><option value=\"Hint\u00e7e\">Hint\u00e7e<\/option><option value=\"Hmong dili\">Hmong dili<\/option><option value=\"Hosa\">Hosa<\/option><option value=\"\u0130branice\">\u0130branice<\/option><option value=\"\u0130gbo dili\">\u0130gbo dili<\/option><option value=\"\u0130ngilizce\">\u0130ngilizce<\/option><option value=\"\u0130rlandaca\">\u0130rlandaca<\/option><option value=\"\u0130spanyolca\">\u0130spanyolca<\/option><option value=\"\u0130sve\u00e7\u00e7e\">\u0130sve\u00e7\u00e7e<\/option><option value=\"\u0130talyanca\">\u0130talyanca<\/option><option value=\"\u0130zlandaca\">\u0130zlandaca<\/option><option value=\"Japonca\">Japonca<\/option><option value=\"Kambo\u00e7yaca\">Kambo\u00e7yaca<\/option><option value=\"Kannada\">Kannada<\/option><option value=\"Katalanca\">Katalanca<\/option><option value=\"Kazak\u00e7a\">Kazak\u00e7a<\/option><option value=\"K\u0131rg\u0131zca\">K\u0131rg\u0131zca<\/option><option value=\"Korece\">Korece<\/option><option value=\"Korsika dili\">Korsika dili<\/option><option value=\"Kuzey i\u0307sko\u00e7 dili\">Kuzey i\u0307sko\u00e7 dili<\/option><option value=\"K\u00fcrt\u00e7e\">K\u00fcrt\u00e7e<\/option><option value=\"Laoca\">Laoca<\/option><option value=\"Latince\">Latince<\/option><option value=\"Leh\u00e7e\">Leh\u00e7e<\/option><option value=\"Letonca\">Letonca<\/option><option value=\"Litvanca\">Litvanca<\/option><option value=\"L\u00fcksemburgca\">L\u00fcksemburgca<\/option><option value=\"Macarca\">Macarca<\/option><option value=\"Madagaskar dili\">Madagaskar dili<\/option><option value=\"Makedonca\">Makedonca<\/option><option value=\"Malayalam\">Malayalam<\/option><option value=\"Malezya dili\">Malezya dili<\/option><option value=\"Malta dili\">Malta dili<\/option><option value=\"Maori dili\">Maori dili<\/option><option value=\"Marathi\">Marathi<\/option><option value=\"Mo\u011folca\">Mo\u011folca<\/option><option value=\"Nepalce\">Nepalce<\/option><option value=\"Norve\u00e7\u00e7e\">Norve\u00e7\u00e7e<\/option><option value=\"\u00d6zbek\u00e7e\">\u00d6zbek\u00e7e<\/option><option value=\"Pencap dili\">Pencap dili<\/option><option value=\"Pe\u015ftuca\">Pe\u015ftuca<\/option><option value=\"Portekizce\">Portekizce<\/option><option value=\"Romence\">Romence<\/option><option value=\"Rus\u00e7a\">Rus\u00e7a<\/option><option value=\"Samoaca\">Samoaca<\/option><option value=\"Sesotho dili\">Sesotho dili<\/option><option value=\"Seylanca\">Seylanca<\/option><option value=\"Shona\">Shona<\/option><option value=\"S\u0131rp\u00e7a\">S\u0131rp\u00e7a<\/option><option value=\"Sint\">Sint<\/option><option value=\"Slovak\u00e7a\">Slovak\u00e7a<\/option><option value=\"Slovence\">Slovence<\/option><option value=\"Somalice\">Somalice<\/option><option value=\"Sundanizce\">Sundanizce<\/option><option value=\"Svahili dili\">Svahili dili<\/option><option value=\"Tacikce\">Tacikce<\/option><option value=\"Tamil\">Tamil<\/option><option value=\"Tay dili\">Tay dili<\/option><option value=\"Telugu dili\">Telugu dili<\/option><option value=\"T\u00fcrk\u00e7e\">T\u00fcrk\u00e7e<\/option><option value=\"Ukraynaca\">Ukraynaca<\/option><option value=\"Urduca\">Urduca<\/option><option value=\"Vietnamca\">Vietnamca<\/option><option value=\"Yidce\">Yidce<\/option><option value=\"Yoruba\">Yoruba<\/option><option value=\"Yunanca\">Yunanca<\/option><option value=\"Zulu\">Zulu<\/option><\/select><\/span>\n\t\t<\/p>\n\t<\/div>\n\t<div class=\"form-line col-lg-6 col-md-6 col-xs-12\">\n\t\t<p><label>\u00c7eviri Yap\u0131lacak Dili Se\u00e7iniz.<\/label><span class=\"wpcf7-form-control-wrap\" data-name=\"your-select-belge-iki\"><select class=\"wpcf7-form-control wpcf7-select wpcf7-validates-as-required\" aria-required=\"true\" aria-invalid=\"false\" name=\"your-select-belge-iki\"><option value=\"Se\u00e7iniz*\">Se\u00e7iniz*<\/option><option value=\"Afrika dili\">Afrika dili<\/option><option value=\"Almanca\">Almanca<\/option><option value=\"Arap\u00e7a\">Arap\u00e7a<\/option><option value=\"Arnavut\u00e7a\">Arnavut\u00e7a<\/option><option value=\"Azerice\">Azerice<\/option><option value=\"Bask\u00e7a\">Bask\u00e7a<\/option><option value=\"Belarus\u00e7a\">Belarus\u00e7a<\/option><option value=\"Bengalce\">Bengalce<\/option><option value=\"Bo\u015fnak\u00e7a\">Bo\u015fnak\u00e7a<\/option><option value=\"Bulgarca\">Bulgarca<\/option><option value=\"Burmaca\">Burmaca<\/option><option value=\"Cava dili\">Cava dili<\/option><option value=\"Cebuano\">Cebuano<\/option><option value=\"Chicheva\">Chicheva<\/option><option value=\"\u00c7ek\u00e7e\">\u00c7ek\u00e7e<\/option><option value=\"\u00c7ince\">\u00c7ince<\/option><option value=\"Danca\">Danca<\/option><option value=\"Endonezya dili\">Endonezya dili<\/option><option value=\"Ermenice\">Ermenice<\/option><option value=\"Esperantoca\">Esperantoca<\/option><option value=\"Estonyaca\">Estonyaca<\/option><option value=\"Fars\u00e7a\">Fars\u00e7a<\/option><option value=\"Felemenk\u00e7e\">Felemenk\u00e7e<\/option><option value=\"Filipince\">Filipince<\/option><option value=\"Fince\">Fince<\/option><option value=\"Frans\u0131zca\">Frans\u0131zca<\/option><option value=\"Frizon dili\">Frizon dili<\/option><option value=\"Galce\">Galce<\/option><option value=\"Gali\u00e7yaca\">Gali\u00e7yaca<\/option><option value=\"G\u00fccerat dili\">G\u00fccerat dili<\/option><option value=\"G\u00fcrc\u00fcce\">G\u00fcrc\u00fcce<\/option><option value=\"Habe\u015f\u00e7e\">Habe\u015f\u00e7e<\/option><option value=\"Haiti creole dili\">Haiti creole dili<\/option><option value=\"Hausa dili\">Hausa dili<\/option><option value=\"Havai dili\">Havai dili<\/option><option value=\"H\u0131rvat\u00e7a\">H\u0131rvat\u00e7a<\/option><option value=\"Hint\u00e7e\">Hint\u00e7e<\/option><option value=\"Hmong dili\">Hmong dili<\/option><option value=\"Hosa\">Hosa<\/option><option value=\"\u0130branice\">\u0130branice<\/option><option value=\"\u0130gbo dili\">\u0130gbo dili<\/option><option value=\"\u0130ngilizce\">\u0130ngilizce<\/option><option value=\"\u0130rlandaca\">\u0130rlandaca<\/option><option value=\"\u0130spanyolca\">\u0130spanyolca<\/option><option value=\"\u0130sve\u00e7\u00e7e\">\u0130sve\u00e7\u00e7e<\/option><option value=\"\u0130talyanca\">\u0130talyanca<\/option><option value=\"\u0130zlandaca\">\u0130zlandaca<\/option><option value=\"Japonca\">Japonca<\/option><option value=\"Kambo\u00e7yaca\">Kambo\u00e7yaca<\/option><option value=\"Kannada\">Kannada<\/option><option value=\"Katalanca\">Katalanca<\/option><option value=\"Kazak\u00e7a\">Kazak\u00e7a<\/option><option value=\"K\u0131rg\u0131zca\">K\u0131rg\u0131zca<\/option><option value=\"Korece\">Korece<\/option><option value=\"Korsika dili\">Korsika dili<\/option><option value=\"Kuzey i\u0307sko\u00e7 dili\">Kuzey i\u0307sko\u00e7 dili<\/option><option value=\"K\u00fcrt\u00e7e\">K\u00fcrt\u00e7e<\/option><option value=\"Laoca\">Laoca<\/option><option value=\"Latince\">Latince<\/option><option value=\"Leh\u00e7e\">Leh\u00e7e<\/option><option value=\"Letonca\">Letonca<\/option><option value=\"Litvanca\">Litvanca<\/option><option value=\"L\u00fcksemburgca\">L\u00fcksemburgca<\/option><option value=\"Macarca\">Macarca<\/option><option value=\"Madagaskar dili\">Madagaskar dili<\/option><option value=\"Makedonca\">Makedonca<\/option><option value=\"Malayalam\">Malayalam<\/option><option value=\"Malezya dili\">Malezya dili<\/option><option value=\"Malta dili\">Malta dili<\/option><option value=\"Maori dili\">Maori dili<\/option><option value=\"Marathi\">Marathi<\/option><option value=\"Mo\u011folca\">Mo\u011folca<\/option><option value=\"Nepalce\">Nepalce<\/option><option value=\"Norve\u00e7\u00e7e\">Norve\u00e7\u00e7e<\/option><option value=\"\u00d6zbek\u00e7e\">\u00d6zbek\u00e7e<\/option><option value=\"Pencap dili\">Pencap dili<\/option><option value=\"Pe\u015ftuca\">Pe\u015ftuca<\/option><option value=\"Portekizce\">Portekizce<\/option><option value=\"Romence\">Romence<\/option><option value=\"Rus\u00e7a\">Rus\u00e7a<\/option><option value=\"Samoaca\">Samoaca<\/option><option value=\"Sesotho dili\">Sesotho dili<\/option><option value=\"Seylanca\">Seylanca<\/option><option value=\"Shona\">Shona<\/option><option value=\"S\u0131rp\u00e7a\">S\u0131rp\u00e7a<\/option><option value=\"Sint\">Sint<\/option><option value=\"Slovak\u00e7a\">Slovak\u00e7a<\/option><option value=\"Slovence\">Slovence<\/option><option value=\"Somalice\">Somalice<\/option><option value=\"Sundanizce\">Sundanizce<\/option><option value=\"Svahili dili\">Svahili dili<\/option><option value=\"Tacikce\">Tacikce<\/option><option value=\"Tamil\">Tamil<\/option><option value=\"Tay dili\">Tay dili<\/option><option value=\"Telugu dili\">Telugu dili<\/option><option value=\"T\u00fcrk\u00e7e\">T\u00fcrk\u00e7e<\/option><option value=\"Ukraynaca\">Ukraynaca<\/option><option value=\"Urduca\">Urduca<\/option><option value=\"Vietnamca\">Vietnamca<\/option><option value=\"Yidce\">Yidce<\/option><option value=\"Yoruba\">Yoruba<\/option><option value=\"Yunanca\">Yunanca<\/option><option value=\"Zulu\">Zulu<\/option><\/select><\/span>\n\t\t<\/p>\n\t<\/div>\n\t<div class=\"form-line col-lg-12 col-md-12 col-xs-12\">\n\t\t<p><label>Evrak Tasdik T\u00fcr\u00fc Se\u00e7iniz.<\/label><span class=\"wpcf7-form-control-wrap\" data-name=\"your-select-belge-tasdik-turu\"><select class=\"wpcf7-form-control wpcf7-select wpcf7-validates-as-required\" aria-required=\"true\" aria-invalid=\"false\" name=\"your-select-belge-tasdik-turu\"><option value=\"Se\u00e7iniz*\">Se\u00e7iniz*<\/option><option value=\"Yeminli \u00c7eviri Hizmeti\">Yeminli \u00c7eviri Hizmeti<\/option><option value=\"Standart \u00c7eviri Hizmeti\">Standart \u00c7eviri Hizmeti<\/option><option value=\"Noter Tasdikli \u00c7eviri Hizmeti\">Noter Tasdikli \u00c7eviri Hizmeti<\/option><option value=\"Apostil Tasdikli \u00c7eviri Hizmeti\">Apostil Tasdikli \u00c7eviri Hizmeti<\/option><\/select><\/span>\n\t\t<\/p>\n\t<\/div>\n\t<div class=\"form-line col-lg-4 col-md-4 col-xs-12\">\n\t\t<div class=\"gem-form-icon-name\">\n\t\t\t<p><span class=\"wpcf7-form-control-wrap\" data-name=\"your-name\"><input size=\"40\" maxlength=\"400\" class=\"wpcf7-form-control wpcf7-text wpcf7-validates-as-required\" aria-required=\"true\" aria-invalid=\"false\" placeholder=\"Name*\" value=\"\" type=\"text\" name=\"your-name\" \/><\/span>\n\t\t\t<\/p>\n\t\t<\/div>\n\t<\/div>\n\t<div class=\"form-line col-lg-4 col-md-4 col-xs-12\">\n\t\t<div class=\"gem-form-icon-email\">\n\t\t\t<p><span class=\"wpcf7-form-control-wrap\" data-name=\"your-email\"><input size=\"40\" maxlength=\"400\" class=\"wpcf7-form-control wpcf7-email wpcf7-validates-as-required wpcf7-text wpcf7-validates-as-email\" aria-required=\"true\" aria-invalid=\"false\" placeholder=\"Email*\" value=\"\" type=\"email\" name=\"your-email\" \/><\/span>\n\t\t\t<\/p>\n\t\t<\/div>\n\t<\/div>\n\t<div class=\"form-line col-lg-4 col-md-4 col-xs-12\">\n\t\t<div class=\"gem-form-icon-phone\">\n\t\t\t<p><span class=\"wpcf7-form-control-wrap\" data-name=\"your-phone\"><input size=\"40\" maxlength=\"400\" class=\"wpcf7-form-control wpcf7-text\" aria-invalid=\"false\" placeholder=\"Telefon*\" value=\"\" type=\"text\" name=\"your-phone\" \/><\/span>\n\t\t\t<\/p>\n\t\t<\/div>\n\t<\/div>\n\t<div class=\"form-line col-lg-12 col-md-12 col-xs-12\">\n\t\t<p><span class=\"wpcf7-form-control-wrap\" data-name=\"your-message\"><textarea cols=\"40\" rows=\"10\" maxlength=\"2000\" class=\"wpcf7-form-control wpcf7-textarea wpcf7-validates-as-required\" aria-required=\"true\" aria-invalid=\"false\" placeholder=\"\u00c7eviri yap\u0131lmas\u0131n\u0131 istedi\u011finiz evraklarla ilgili k\u0131sa bir a\u00e7\u0131klama yazman\u0131z\u0131 rica ediyoruz.\" name=\"your-message\"><\/textarea><\/span>\n\t\t<\/p>\n\t<\/div>\n\t<div class=\"form-line col-lg-6 col-md-6 col-xs-12\">\n\t\t<p><label color=\"red\">\u00c7eviri yap\u0131lacak evrak\u0131 ekleyiniz.<br \/>\nNot: PDF format\u0131nda olan dosyalar y\u00fcklenebilir.<\/label><span class=\"wpcf7-form-control-wrap\" data-name=\"file-evrak\"><input size=\"40\" class=\"wpcf7-form-control wpcf7-file wpcf7-validates-as-required\" accept=\".pdf\" aria-required=\"true\" aria-invalid=\"false\" type=\"file\" name=\"file-evrak\" \/><\/span>\n\t\t<\/p>\n\t<\/div>\n\t<div class=\"col-lg-12 col-md-12 col-xs-12\">\n\t\t<p><input class=\"wpcf7-form-control wpcf7-submit\" type=\"submit\" value=\"TALEB\u0130 G\u00d6NDER\" \/>\n\t\t<\/p>\n\t<\/div>\n<\/div><p style=\"display: none !important;\" class=\"akismet-fields-container\" data-prefix=\"_wpcf7_ak_\"><label>&#916;<textarea name=\"_wpcf7_ak_hp_textarea\" cols=\"45\" rows=\"8\" maxlength=\"100\"><\/textarea><\/label><input type=\"hidden\" id=\"ak_js_1\" name=\"_wpcf7_ak_js\" value=\"181\"\/><script type=\"text\/javascript\">\n\/* <![CDATA[ *\/\ndocument.getElementById( \"ak_js_1\" ).setAttribute( \"value\", ( new Date() ).getTime() );\n\/* ]]> *\/\n<\/script>\n<\/p><div class=\"wpcf7-response-output\" aria-hidden=\"true\"><\/div>\n<\/form>\n<\/div>\n[\/vc_column][\/vc_row]<\/p>\n","protected":false},"excerpt":{"rendered":"<p>[vc_row][vc_column][vc_text_separator title=&#8221;\u0639\u0631\u0636 \u0633\u0639\u0631 \u0633\u0631\u064a\u0639&#8221;][\/vc_column][\/vc_row][vc_row][vc_column][\/vc_column][\/vc_row]<\/p>\n","protected":false},"author":1,"featured_media":0,"parent":0,"menu_order":0,"comment_status":"closed","ping_status":"closed","template":"","meta":{"footnotes":""},"class_list":["post-26162","page","type-page","status-publish"],"yoast_head":"<!-- This site is optimized with the Yoast SEO plugin v27.5 - https:\/\/yoast.com\/product\/yoast-seo-wordpress\/ -->\n<title>\u0639\u0631\u0636 \u0633\u0639\u0631 \u0633\u0631\u064a\u0639 - SBY Dan\u0131\u015fmanl\u0131k<\/title>\n<meta name=\"description\" content=\"Fiyat Teklifi Al sizin i\u00e7in en iyi fiyat\u0131 verebilece\u011fimize emin olabilirsiniz. Terc\u00fcme ve \u00e7evirilerimiz profesyonel terc\u00fcmanlar taraf\u0131ndan yap\u0131l\u0131r.\" \/>\n<meta name=\"robots\" content=\"index, follow, max-snippet:-1, max-image-preview:large, max-video-preview:-1\" \/>\n<link rel=\"canonical\" href=\"https:\/\/www.sbydanismanlik.com\/ar\/%d8%b9%d8%b1%d8%b6-%d8%b3%d8%b9%d8%b1-%d8%b3%d8%b1%d9%8a%d8%b9\/\" \/>\n<meta property=\"og:locale\" content=\"ar_AR\" \/>\n<meta property=\"og:type\" content=\"article\" \/>\n<meta property=\"og:title\" content=\"\u0639\u0631\u0636 \u0633\u0639\u0631 \u0633\u0631\u064a\u0639 - SBY Dan\u0131\u015fmanl\u0131k\" \/>\n<meta property=\"og:description\" content=\"Fiyat Teklifi Al sizin i\u00e7in en iyi fiyat\u0131 verebilece\u011fimize emin olabilirsiniz. Terc\u00fcme ve \u00e7evirilerimiz profesyonel terc\u00fcmanlar taraf\u0131ndan yap\u0131l\u0131r.\" \/>\n<meta property=\"og:url\" content=\"https:\/\/www.sbydanismanlik.com\/ar\/%d8%b9%d8%b1%d8%b6-%d8%b3%d8%b9%d8%b1-%d8%b3%d8%b1%d9%8a%d8%b9\/\" \/>\n<meta property=\"og:site_name\" content=\"SBY Dan\u0131\u015fmanl\u0131k\" \/>\n<meta property=\"article:modified_time\" content=\"2020-07-18T16:34:28+00:00\" \/>\n<meta name=\"twitter:card\" content=\"summary_large_image\" \/>\n<script type=\"application\/ld+json\" class=\"yoast-schema-graph\">{\"@context\":\"https:\\\/\\\/schema.org\",\"@graph\":[{\"@type\":\"WebPage\",\"@id\":\"https:\\\/\\\/www.sbydanismanlik.com\\\/ar\\\/%d8%b9%d8%b1%d8%b6-%d8%b3%d8%b9%d8%b1-%d8%b3%d8%b1%d9%8a%d8%b9\\\/\",\"url\":\"https:\\\/\\\/www.sbydanismanlik.com\\\/ar\\\/%d8%b9%d8%b1%d8%b6-%d8%b3%d8%b9%d8%b1-%d8%b3%d8%b1%d9%8a%d8%b9\\\/\",\"name\":\"\u0639\u0631\u0636 \u0633\u0639\u0631 \u0633\u0631\u064a\u0639 - SBY Dan\u0131\u015fmanl\u0131k\",\"isPartOf\":{\"@id\":\"https:\\\/\\\/www.sbydanismanlik.com\\\/ar\\\/#website\"},\"datePublished\":\"2019-12-01T17:13:09+00:00\",\"dateModified\":\"2020-07-18T16:34:28+00:00\",\"description\":\"Fiyat Teklifi Al sizin i\u00e7in en iyi fiyat\u0131 verebilece\u011fimize emin olabilirsiniz. Terc\u00fcme ve \u00e7evirilerimiz profesyonel terc\u00fcmanlar taraf\u0131ndan yap\u0131l\u0131r.\",\"breadcrumb\":{\"@id\":\"https:\\\/\\\/www.sbydanismanlik.com\\\/ar\\\/%d8%b9%d8%b1%d8%b6-%d8%b3%d8%b9%d8%b1-%d8%b3%d8%b1%d9%8a%d8%b9\\\/#breadcrumb\"},\"inLanguage\":\"ar\",\"potentialAction\":[{\"@type\":\"ReadAction\",\"target\":[\"https:\\\/\\\/www.sbydanismanlik.com\\\/ar\\\/%d8%b9%d8%b1%d8%b6-%d8%b3%d8%b9%d8%b1-%d8%b3%d8%b1%d9%8a%d8%b9\\\/\"]}]},{\"@type\":\"BreadcrumbList\",\"@id\":\"https:\\\/\\\/www.sbydanismanlik.com\\\/ar\\\/%d8%b9%d8%b1%d8%b6-%d8%b3%d8%b9%d8%b1-%d8%b3%d8%b1%d9%8a%d8%b9\\\/#breadcrumb\",\"itemListElement\":[{\"@type\":\"ListItem\",\"position\":1,\"name\":\"Ana sayfa\",\"item\":\"https:\\\/\\\/www.sbydanismanlik.com\\\/ar\\\/\"},{\"@type\":\"ListItem\",\"position\":2,\"name\":\"\u0639\u0631\u0636 \u0633\u0639\u0631 \u0633\u0631\u064a\u0639\"}]},{\"@type\":\"WebSite\",\"@id\":\"https:\\\/\\\/www.sbydanismanlik.com\\\/ar\\\/#website\",\"url\":\"https:\\\/\\\/www.sbydanismanlik.com\\\/ar\\\/\",\"name\":\"SBY Dan\u0131\u015fmanl\u0131k\",\"description\":\"SBY Dan\u0131\u015fmanl\u0131k Terc\u00fcme Hizmetleri\",\"potentialAction\":[{\"@type\":\"SearchAction\",\"target\":{\"@type\":\"EntryPoint\",\"urlTemplate\":\"https:\\\/\\\/www.sbydanismanlik.com\\\/ar\\\/?s={search_term_string}\"},\"query-input\":{\"@type\":\"PropertyValueSpecification\",\"valueRequired\":true,\"valueName\":\"search_term_string\"}}],\"inLanguage\":\"ar\"}]}<\/script>\n<!-- \/ Yoast SEO plugin. -->","yoast_head_json":{"title":"\u0639\u0631\u0636 \u0633\u0639\u0631 \u0633\u0631\u064a\u0639 - SBY Dan\u0131\u015fmanl\u0131k","description":"Fiyat Teklifi Al sizin i\u00e7in en iyi fiyat\u0131 verebilece\u011fimize emin olabilirsiniz. Terc\u00fcme ve \u00e7evirilerimiz profesyonel terc\u00fcmanlar taraf\u0131ndan yap\u0131l\u0131r.","robots":{"index":"index","follow":"follow","max-snippet":"max-snippet:-1","max-image-preview":"max-image-preview:large","max-video-preview":"max-video-preview:-1"},"canonical":"https:\/\/www.sbydanismanlik.com\/ar\/%d8%b9%d8%b1%d8%b6-%d8%b3%d8%b9%d8%b1-%d8%b3%d8%b1%d9%8a%d8%b9\/","og_locale":"ar_AR","og_type":"article","og_title":"\u0639\u0631\u0636 \u0633\u0639\u0631 \u0633\u0631\u064a\u0639 - SBY Dan\u0131\u015fmanl\u0131k","og_description":"Fiyat Teklifi Al sizin i\u00e7in en iyi fiyat\u0131 verebilece\u011fimize emin olabilirsiniz. Terc\u00fcme ve \u00e7evirilerimiz profesyonel terc\u00fcmanlar taraf\u0131ndan yap\u0131l\u0131r.","og_url":"https:\/\/www.sbydanismanlik.com\/ar\/%d8%b9%d8%b1%d8%b6-%d8%b3%d8%b9%d8%b1-%d8%b3%d8%b1%d9%8a%d8%b9\/","og_site_name":"SBY Dan\u0131\u015fmanl\u0131k","article_modified_time":"2020-07-18T16:34:28+00:00","twitter_card":"summary_large_image","schema":{"@context":"https:\/\/schema.org","@graph":[{"@type":"WebPage","@id":"https:\/\/www.sbydanismanlik.com\/ar\/%d8%b9%d8%b1%d8%b6-%d8%b3%d8%b9%d8%b1-%d8%b3%d8%b1%d9%8a%d8%b9\/","url":"https:\/\/www.sbydanismanlik.com\/ar\/%d8%b9%d8%b1%d8%b6-%d8%b3%d8%b9%d8%b1-%d8%b3%d8%b1%d9%8a%d8%b9\/","name":"\u0639\u0631\u0636 \u0633\u0639\u0631 \u0633\u0631\u064a\u0639 - SBY Dan\u0131\u015fmanl\u0131k","isPartOf":{"@id":"https:\/\/www.sbydanismanlik.com\/ar\/#website"},"datePublished":"2019-12-01T17:13:09+00:00","dateModified":"2020-07-18T16:34:28+00:00","description":"Fiyat Teklifi Al sizin i\u00e7in en iyi fiyat\u0131 verebilece\u011fimize emin olabilirsiniz. Terc\u00fcme ve \u00e7evirilerimiz profesyonel terc\u00fcmanlar taraf\u0131ndan yap\u0131l\u0131r.","breadcrumb":{"@id":"https:\/\/www.sbydanismanlik.com\/ar\/%d8%b9%d8%b1%d8%b6-%d8%b3%d8%b9%d8%b1-%d8%b3%d8%b1%d9%8a%d8%b9\/#breadcrumb"},"inLanguage":"ar","potentialAction":[{"@type":"ReadAction","target":["https:\/\/www.sbydanismanlik.com\/ar\/%d8%b9%d8%b1%d8%b6-%d8%b3%d8%b9%d8%b1-%d8%b3%d8%b1%d9%8a%d8%b9\/"]}]},{"@type":"BreadcrumbList","@id":"https:\/\/www.sbydanismanlik.com\/ar\/%d8%b9%d8%b1%d8%b6-%d8%b3%d8%b9%d8%b1-%d8%b3%d8%b1%d9%8a%d8%b9\/#breadcrumb","itemListElement":[{"@type":"ListItem","position":1,"name":"Ana sayfa","item":"https:\/\/www.sbydanismanlik.com\/ar\/"},{"@type":"ListItem","position":2,"name":"\u0639\u0631\u0636 \u0633\u0639\u0631 \u0633\u0631\u064a\u0639"}]},{"@type":"WebSite","@id":"https:\/\/www.sbydanismanlik.com\/ar\/#website","url":"https:\/\/www.sbydanismanlik.com\/ar\/","name":"SBY Dan\u0131\u015fmanl\u0131k","description":"SBY Dan\u0131\u015fmanl\u0131k Terc\u00fcme Hizmetleri","potentialAction":[{"@type":"SearchAction","target":{"@type":"EntryPoint","urlTemplate":"https:\/\/www.sbydanismanlik.com\/ar\/?s={search_term_string}"},"query-input":{"@type":"PropertyValueSpecification","valueRequired":true,"valueName":"search_term_string"}}],"inLanguage":"ar"}]}},"_links":{"self":[{"href":"https:\/\/www.sbydanismanlik.com\/ar\/wp-json\/wp\/v2\/pages\/26162","targetHints":{"allow":["GET"]}}],"collection":[{"href":"https:\/\/www.sbydanismanlik.com\/ar\/wp-json\/wp\/v2\/pages"}],"about":[{"href":"https:\/\/www.sbydanismanlik.com\/ar\/wp-json\/wp\/v2\/types\/page"}],"author":[{"embeddable":true,"href":"https:\/\/www.sbydanismanlik.com\/ar\/wp-json\/wp\/v2\/users\/1"}],"replies":[{"embeddable":true,"href":"https:\/\/www.sbydanismanlik.com\/ar\/wp-json\/wp\/v2\/comments?post=26162"}],"version-history":[{"count":2,"href":"https:\/\/www.sbydanismanlik.com\/ar\/wp-json\/wp\/v2\/pages\/26162\/revisions"}],"predecessor-version":[{"id":26164,"href":"https:\/\/www.sbydanismanlik.com\/ar\/wp-json\/wp\/v2\/pages\/26162\/revisions\/26164"}],"wp:attachment":[{"href":"https:\/\/www.sbydanismanlik.com\/ar\/wp-json\/wp\/v2\/media?parent=26162"}],"curies":[{"name":"wp","href":"https:\/\/api.w.org\/{rel}","templated":true}]}}