{"id":26151,"date":"2018-11-26T16:08:12","date_gmt":"2018-11-26T13:08:12","guid":{"rendered":"https:\/\/www.sbydanismanlik.com\/%d8%a3%d8%ae%d8%a8%d8%a7%d8%b1-%d8%a7%d9%84%d9%85%d8%af%d9%88%d9%86%d8%a9\/blog\/"},"modified":"2020-07-18T19:16:54","modified_gmt":"2020-07-18T16:16:54","slug":"%d8%a7%d9%84%d9%85%d8%af%d9%88%d9%86%d8%a7%d8%aa","status":"publish","type":"page","link":"https:\/\/www.sbydanismanlik.com\/ar\/%d8%a3%d8%ae%d8%a8%d8%a7%d8%b1-%d8%a7%d9%84%d9%85%d8%af%d9%88%d9%86%d8%a9\/%d8%a7%d9%84%d9%85%d8%af%d9%88%d9%86%d8%a7%d8%aa\/","title":{"rendered":"\u0627\u0644\u0645\u062f\u0648\u0646\u0627\u062a"},"content":{"rendered":"<p>[vc_row][vc_column]<div class=\"clearboth\"><\/div><div class=\"gem-divider \" style=\"margin-top: 15px;\"><\/div><div class=\"preloader\"><div class=\"preloader-spin\"><\/div><\/div> <div class=\"portfolio-preloader-wrapper\"> <div data-per-page=\"8\" data-portfolio-uid=\"bb8416f\" class=\"portfolio news-grid no-padding portfolio-pagination-more portfolio-style-justified background-style-transparent title-style-light hover-default item-animation-move-up title-on-page version-default columns-2\" data-hover=\"default\" data-next-page=\"0\"> <div class=\"portfilio-top-panel\" ><div class=\"portfilio-top-panel-row\"> <div class=\"portfilio-top-panel-left\"> <div class=\"portfolio-filters\"> <a href=\"#\" data-filter=\"*\" class=\"active all title-h6\"><i class=\"gem-print-icon gem-icon-pack-thegem-icons gem-icon-portfolio-show-all \"><\/i><span class=\"light\">Show All<\/span><\/a> <a href=\"#\" data-filter=\".blog-ar\" class=\"title-h6\"><span class=\"light\">Blog<\/span><\/a> <\/div> <div class=\"portfolio-filters-resp\"> <button class=\"menu-toggle dl-trigger\">News filters<span class=\"menu-line-1\"><\/span><span class=\"menu-line-2\"><\/span><span class=\"menu-line-3\"><\/span><\/button> <ul class=\"dl-menu\"> <li><a href=\"#\" data-filter=\"*\">Show All<\/a><\/li> <li><a href=\"#\" data-filter=\".blog-ar\">Blog<\/a><\/li> <\/ul> <\/div> <\/div> <div class=\"portfilio-top-panel-right\"> <div class=\"portfolio-sorting title-h6\"> <div class=\"orderby light\"> <label for=\"\" data-value=\"date\">Date<\/label> <a href=\"javascript:void(0);\" class=\"sorting-switcher\" data-current=\"date\"><\/a> <label for=\"\" data-value=\"name\">Name<\/label> <\/div> <div class=\"portfolio-sorting-sep\"><\/div> <div class=\"order light\"> <label for=\"\" data-value=\"DESC\">Desc<\/label> <a href=\"javascript:void(0);\" class=\"sorting-switcher\" data-current=\"DESC\"><\/a> <label for=\"\" data-value=\"ASC\">Asc<\/label> <\/div> <\/div> <\/div> <\/div><\/div> <div class=\"\"> <div class=\"row\" style=\"margin: -21px;\"> <div class=\"portfolio-set clearfix\" data-max-row-height=\"380\"> <div class=\"portfolio-item blog-ar col-sm-6 col-xs-12 item-animations-not-inited show-caption-border post-has-sets post-has-author post-26408 post type-post status-publish format-standard has-post-thumbnail category-blog-ar\" style=\"padding: 21px;\" data-default-sort=\"0\" data-sort-date=\"1548246837\"> <div class=\"wrap clearfix\"> <div class=\"image post-26408 post type-post status-publish format-standard has-post-thumbnail category-blog-ar\"> <div class=\"image-inner\"> <picture> <img decoding=\"async\" src=\"https:\/\/www.sbydanismanlik.com\/wp-content\/uploads\/2026\/04\/transparent-thegem-portfolio-justified.png\" width=\"844\" height=\"767\" class=\"attachment-thegem-portfolio-justified\" alt=\"\u0645\u0627 \u0647\u0648 \u0627\u0644\u0647\u062f\u0641 \u0645\u0646 \u0646\u062d\u0648 \u0627\u0644\u0644\u063a\u0629\u061f\" \/> <\/picture> <div class=\"post-featured-content\"><a href=\"https:\/\/www.sbydanismanlik.com\/ar\/%d9%85%d8%a7-%d9%87%d9%88-%d8%a7%d9%84%d9%87%d8%af%d9%81-%d9%85%d9%86-%d9%86%d8%ad%d9%88-%d8%a7%d9%84%d9%84%d8%ba%d8%a9%d8%9f\/\"> <picture> <source srcset=\"https:\/\/www.sbydanismanlik.com\/wp-content\/uploads\/2018\/11\/2-5-thegem-portfolio-justified-2x-500.jpg 1x, https:\/\/www.sbydanismanlik.com\/wp-content\/uploads\/2018\/11\/2-5-thegem-portfolio-justified.jpg 2x\" media=\"(max-width: 550px)\" sizes=\"100vw\"> <source srcset=\"https:\/\/www.sbydanismanlik.com\/wp-content\/uploads\/2018\/11\/2-5-thegem-portfolio-justified-2x.jpg 1x, https:\/\/www.sbydanismanlik.com\/wp-content\/uploads\/2018\/11\/2-5-thegem-portfolio-justified.jpg 2x\" media=\"(max-width: 1920px)\" sizes=\"100vw\"> <img decoding=\"async\" src=\"https:\/\/www.sbydanismanlik.com\/wp-content\/uploads\/2018\/11\/2-5-thegem-portfolio-justified.jpg\" width=\"844\" height=\"767\" class=\"img-responsive\" alt=\"2 (Demo)\" \/> <\/picture> <\/a><\/div> <\/div> <div class=\"overlay\"> <div class=\"overlay-circle\"><\/div> <div class=\"links-wrapper\"> <div class=\"links\"> <div class=\"caption\"> <a href=\"https:\/\/www.sbydanismanlik.com\/ar\/%d9%85%d8%a7-%d9%87%d9%88-%d8%a7%d9%84%d9%87%d8%af%d9%81-%d9%85%d9%86-%d9%86%d8%ad%d9%88-%d8%a7%d9%84%d9%84%d8%ba%d8%a9%d8%9f\/\" class=\"portolio-item-link\"><\/a> <div class=\"grid-post-meta \"> <span class=\"post-meta-likes\"><a href=\"#\" class=\"zilla-likes\" id=\"zilla-likes-26408\" title=\"Like this\"><span class=\"zilla-likes-count\">0<\/span> <span class=\"zilla-likes-postfix\"><\/span><\/a><\/span> <\/div> <div class=\"description \"> <div class=\"subtitle\"> <p>\u0625\u0646 \u0630\u0644\u0643 \u0627\u0644\u0646\u062d\u0648 \u064a\u062d\u0627\u0641\u0638 \u0639\u0644\u0649 \u0635\u062d\u0629 \u0648\u0648\u062d\u062f\u0629 \u0647\u0630\u0627 \u0627\u0644\u0639\u0631\u0641 \u0648 \u0625\u0644\u0649 \u062b\u0628\u0627\u062a\u0647 \u0625\u0644\u0649 \u062d\u062f \u0645\u0627 \u060c \u0648 \u0627\u0644\u062b\u0628\u0627\u062a. \u0648 \u0644\u0643\u0646 \u0641\u064a \u0627\u0644\u0623\u0632\u0645\u0646\u0629 \u0627\u0644\u062c\u062f\u064a\u062f\u0629 \u060c \u062a\u063a\u064a\u0631 \u0647\u0630\u0627 \u0627\u0644\u0641\u0647\u0645 \u0627\u0644\u0646\u062d\u0648\u064a \u0643\u062b\u064a\u0631\u064b\u0627.<\/p> <\/div> <\/div> <div class=\"post-author-outer\"> <div class=\"author\"> <span class=\"author-avatar\"><img alt='' src='https:\/\/secure.gravatar.com\/avatar\/1867852a80a6016086bb7e00f79f719fd1944c170f5d4cd375da1c9c2fe69e19?s=50&#038;d=mm&#038;r=g' srcset='https:\/\/secure.gravatar.com\/avatar\/1867852a80a6016086bb7e00f79f719fd1944c170f5d4cd375da1c9c2fe69e19?s=100&#038;d=mm&#038;r=g 2x' class='avatar avatar-50 photo' height='50' width='50' \/><\/span> <span class=\"author-name\">By admin<\/span> <\/div> <\/div> <\/div> <\/div> <\/div> <\/div> <\/div> <div class=\"caption post-26408 post type-post status-publish format-standard has-post-thumbnail category-blog-ar\"> <div class=\"post-date\">23 \u064a\u0646\u0627\u064a\u0631 2019<\/div> <div class=\"title\"> <div class=\"title-h6\"><a href=\"https:\/\/www.sbydanismanlik.com\/ar\/%d9%85%d8%a7-%d9%87%d9%88-%d8%a7%d9%84%d9%87%d8%af%d9%81-%d9%85%d9%86-%d9%86%d8%ad%d9%88-%d8%a7%d9%84%d9%84%d8%ba%d8%a9%d8%9f\/\" rel=\"bookmark\">\u0645\u0627 \u0647\u0648 \u0627\u0644\u0647\u062f\u0641 \u0645\u0646 \u0646\u062d\u0648 \u0627\u0644\u0644\u063a\u0629\u061f<\/a><\/div> <\/div> <div class=\"info\"> <a data-slug=\"blog-ar\">Blog<\/a> <\/div> <\/div> <\/div> <\/div> <div class=\"portfolio-item blog-ar col-sm-6 col-xs-12 item-animations-not-inited show-caption-border post-has-sets post-has-author post-26413 post type-post status-publish format-standard has-post-thumbnail category-blog-ar\" style=\"padding: 21px;\" data-default-sort=\"0\" data-sort-date=\"1545841902\"> <div class=\"wrap clearfix\"> <div class=\"image post-26413 post type-post status-publish format-standard has-post-thumbnail category-blog-ar\"> <div class=\"image-inner\"> <picture> <img decoding=\"async\" src=\"https:\/\/www.sbydanismanlik.com\/wp-content\/uploads\/2026\/04\/transparent-thegem-portfolio-justified.png\" width=\"844\" height=\"767\" class=\"attachment-thegem-portfolio-justified\" alt=\"\u062e\u062f\u0645\u0627\u062a \u0627\u0633\u062a\u0634\u0627\u0631\u0627\u062a \u0627\u0644\u0645\u0648\u0627\u0631\u062f \u0627\u0644\u0628\u0634\u0631\u064a\u0629\" \/> <\/picture> <div class=\"post-featured-content\"><a href=\"https:\/\/www.sbydanismanlik.com\/ar\/%d8%ae%d8%af%d9%85%d8%a7%d8%aa-%d8%a7%d8%b3%d8%aa%d8%b4%d8%a7%d8%b1%d8%a7%d8%aa-%d8%a7%d9%84%d9%85%d9%88%d8%a7%d8%b1%d8%af-%d8%a7%d9%84%d8%a8%d8%b4%d8%b1%d9%8a%d8%a9\/\"> <picture> <source srcset=\"https:\/\/www.sbydanismanlik.com\/wp-content\/uploads\/2018\/11\/5-5-thegem-portfolio-justified-2x-500.jpg 1x, https:\/\/www.sbydanismanlik.com\/wp-content\/uploads\/2018\/11\/5-5-thegem-portfolio-justified.jpg 2x\" media=\"(max-width: 550px)\" sizes=\"100vw\"> <source srcset=\"https:\/\/www.sbydanismanlik.com\/wp-content\/uploads\/2018\/11\/5-5-thegem-portfolio-justified-2x.jpg 1x, https:\/\/www.sbydanismanlik.com\/wp-content\/uploads\/2018\/11\/5-5-thegem-portfolio-justified.jpg 2x\" media=\"(max-width: 1920px)\" sizes=\"100vw\"> <img decoding=\"async\" src=\"https:\/\/www.sbydanismanlik.com\/wp-content\/uploads\/2018\/11\/5-5-thegem-portfolio-justified.jpg\" width=\"844\" height=\"767\" class=\"img-responsive\" alt=\"5 (Demo)\" \/> <\/picture> <\/a><\/div> <\/div> <div class=\"overlay\"> <div class=\"overlay-circle\"><\/div> <div class=\"links-wrapper\"> <div class=\"links\"> <div class=\"caption\"> <a href=\"https:\/\/www.sbydanismanlik.com\/ar\/%d8%ae%d8%af%d9%85%d8%a7%d8%aa-%d8%a7%d8%b3%d8%aa%d8%b4%d8%a7%d8%b1%d8%a7%d8%aa-%d8%a7%d9%84%d9%85%d9%88%d8%a7%d8%b1%d8%af-%d8%a7%d9%84%d8%a8%d8%b4%d8%b1%d9%8a%d8%a9\/\" class=\"portolio-item-link\"><\/a> <div class=\"grid-post-meta \"> <span class=\"post-meta-likes\"><a href=\"#\" class=\"zilla-likes\" id=\"zilla-likes-26413\" title=\"Like this\"><span class=\"zilla-likes-count\">0<\/span> <span class=\"zilla-likes-postfix\"><\/span><\/a><\/span> <\/div> <div class=\"description \"> <div class=\"subtitle\"> <p>\u062a\u0645 \u0625\u0639\u062f\u0627\u062f \u0646\u0638\u0627\u0645 \u0625\u062f\u0627\u0631\u0629 \u0627\u0644\u0623\u062f\u0627\u0621 \u0644\u064a\u0633 \u0641\u0642\u0637 \u0644\u0627\u0633\u062a\u0647\u062f\u0627\u0641 \u0642\u064a\u0627\u0633 \u0627\u0644\u0623\u062f\u0627\u0621 \u0627\u0644\u0633\u0627\u0628\u0642 \u060c \u0648\u0644\u0643\u0646 \u0623\u064a\u0636\u064b\u0627 \u0644\u062a\u062d\u062f\u064a\u062f \u0625\u0645\u0643\u0627\u0646\u0627\u062a \u0627\u0644\u0641\u0631\u062f \u0648\u062a\u0637\u0648\u064a\u0631 \u062e\u0637\u0629 \u0627\u0644\u062a\u0637\u0648\u064a\u0631.<\/p> <\/div> <\/div> <div class=\"post-author-outer\"> <div class=\"author\"> <span class=\"author-avatar\"><img alt='' src='https:\/\/secure.gravatar.com\/avatar\/1867852a80a6016086bb7e00f79f719fd1944c170f5d4cd375da1c9c2fe69e19?s=50&#038;d=mm&#038;r=g' srcset='https:\/\/secure.gravatar.com\/avatar\/1867852a80a6016086bb7e00f79f719fd1944c170f5d4cd375da1c9c2fe69e19?s=100&#038;d=mm&#038;r=g 2x' class='avatar avatar-50 photo' height='50' width='50' \/><\/span> <span class=\"author-name\">By admin<\/span> <\/div> <\/div> <\/div> <\/div> <\/div> <\/div> <\/div> <div class=\"caption post-26413 post type-post status-publish format-standard has-post-thumbnail category-blog-ar\"> <div class=\"post-date\">26 \u062f\u064a\u0633\u0645\u0628\u0631 2018<\/div> <div class=\"title\"> <div class=\"title-h6\"><a href=\"https:\/\/www.sbydanismanlik.com\/ar\/%d8%ae%d8%af%d9%85%d8%a7%d8%aa-%d8%a7%d8%b3%d8%aa%d8%b4%d8%a7%d8%b1%d8%a7%d8%aa-%d8%a7%d9%84%d9%85%d9%88%d8%a7%d8%b1%d8%af-%d8%a7%d9%84%d8%a8%d8%b4%d8%b1%d9%8a%d8%a9\/\" rel=\"bookmark\">\u062e\u062f\u0645\u0627\u062a \u0627\u0633\u062a\u0634\u0627\u0631\u0627\u062a \u0627\u0644\u0645\u0648\u0627\u0631\u062f \u0627\u0644\u0628\u0634\u0631\u064a\u0629<\/a><\/div> <\/div> <div class=\"info\"> <a data-slug=\"blog-ar\">Blog<\/a> <\/div> <\/div> <\/div> <\/div> <div class=\"portfolio-item blog-ar col-sm-6 col-xs-12 item-animations-not-inited show-caption-border post-has-sets post-has-author post-26418 post type-post status-publish format-standard has-post-thumbnail category-blog-ar\" style=\"padding: 21px;\" data-default-sort=\"0\" data-sort-date=\"1543740349\"> <div class=\"wrap clearfix\"> <div class=\"image post-26418 post type-post status-publish format-standard has-post-thumbnail category-blog-ar\"> <div class=\"image-inner\"> <picture> <img decoding=\"async\" src=\"https:\/\/www.sbydanismanlik.com\/wp-content\/uploads\/2026\/04\/transparent-thegem-portfolio-justified.png\" width=\"844\" height=\"767\" class=\"attachment-thegem-portfolio-justified\" alt=\"\u062e\u062f\u0645\u0627\u062a \u0627\u0644\u062a\u0631\u062c\u0645\u0629\" \/> <\/picture> <div class=\"post-featured-content\"><a href=\"https:\/\/www.sbydanismanlik.com\/ar\/%d8%ae%d8%af%d9%85%d8%a7%d8%aa-%d8%a7%d9%84%d8%aa%d8%b1%d8%ac%d9%85%d8%a9\/\"> <picture> <source srcset=\"https:\/\/www.sbydanismanlik.com\/wp-content\/uploads\/2018\/11\/7-3-thegem-portfolio-justified-2x-500.jpg 1x, https:\/\/www.sbydanismanlik.com\/wp-content\/uploads\/2018\/11\/7-3-thegem-portfolio-justified.jpg 2x\" media=\"(max-width: 550px)\" sizes=\"100vw\"> <source srcset=\"https:\/\/www.sbydanismanlik.com\/wp-content\/uploads\/2018\/11\/7-3-thegem-portfolio-justified-2x.jpg 1x, https:\/\/www.sbydanismanlik.com\/wp-content\/uploads\/2018\/11\/7-3-thegem-portfolio-justified.jpg 2x\" media=\"(max-width: 1920px)\" sizes=\"100vw\"> <img decoding=\"async\" src=\"https:\/\/www.sbydanismanlik.com\/wp-content\/uploads\/2018\/11\/7-3-thegem-portfolio-justified.jpg\" width=\"844\" height=\"767\" class=\"img-responsive\" alt=\"7 (Demo)\" \/> <\/picture> <\/a><\/div> <\/div> <div class=\"overlay\"> <div class=\"overlay-circle\"><\/div> <div class=\"links-wrapper\"> <div class=\"links\"> <div class=\"caption\"> <a href=\"https:\/\/www.sbydanismanlik.com\/ar\/%d8%ae%d8%af%d9%85%d8%a7%d8%aa-%d8%a7%d9%84%d8%aa%d8%b1%d8%ac%d9%85%d8%a9\/\" class=\"portolio-item-link\"><\/a> <div class=\"grid-post-meta \"> <span class=\"post-meta-likes\"><a href=\"#\" class=\"zilla-likes\" id=\"zilla-likes-26418\" title=\"Like this\"><span class=\"zilla-likes-count\">0<\/span> <span class=\"zilla-likes-postfix\"><\/span><\/a><\/span> <\/div> <div class=\"description \"> <div class=\"subtitle\"> <p>\u0645\u0639 \u0645\u0648\u0638\u0641\u064a\u0647\u0627 \u0630\u0648\u064a \u0627\u0644\u062e\u0628\u0631\u0629 \u060c \u062a\u062e\u062f\u0645 SBY \u0644\u0644\u0627\u0633\u062a\u0634\u0627\u0631\u0627\u062a \u0639\u0645\u0644\u0627\u0626\u0647\u0627 \u0628\u0646\u062c\u0627\u062d \u0627\u0644\u0630\u064a\u0646 \u064a\u062d\u062a\u0627\u062c\u0648\u0646 \u0625\u0644\u0649 \u062a\u0631\u062c\u0645\u0627\u062a \u062f\u0642\u064a\u0642\u0629 \u0648\u0643\u0627\u0645\u0644\u0629 \u0628\u0627\u0644\u0639\u062f\u064a\u062f \u0645\u0646 \u0627\u0644\u0644\u063a\u0627\u062a. <\/p> <\/div> <\/div> <div class=\"post-author-outer\"> <div class=\"author\"> <span class=\"author-avatar\"><img alt='' src='https:\/\/secure.gravatar.com\/avatar\/1867852a80a6016086bb7e00f79f719fd1944c170f5d4cd375da1c9c2fe69e19?s=50&#038;d=mm&#038;r=g' srcset='https:\/\/secure.gravatar.com\/avatar\/1867852a80a6016086bb7e00f79f719fd1944c170f5d4cd375da1c9c2fe69e19?s=100&#038;d=mm&#038;r=g 2x' class='avatar avatar-50 photo' height='50' width='50' \/><\/span> <span class=\"author-name\">By admin<\/span> <\/div> <\/div> <\/div> <\/div> <\/div> <\/div> <\/div> <div class=\"caption post-26418 post type-post status-publish format-standard has-post-thumbnail category-blog-ar\"> <div class=\"post-date\">2 \u062f\u064a\u0633\u0645\u0628\u0631 2018<\/div> <div class=\"title\"> <div class=\"title-h6\"><a href=\"https:\/\/www.sbydanismanlik.com\/ar\/%d8%ae%d8%af%d9%85%d8%a7%d8%aa-%d8%a7%d9%84%d8%aa%d8%b1%d8%ac%d9%85%d8%a9\/\" rel=\"bookmark\">\u062e\u062f\u0645\u0627\u062a \u0627\u0644\u062a\u0631\u062c\u0645\u0629<\/a><\/div> <\/div> <div class=\"info\"> <a data-slug=\"blog-ar\">Blog<\/a> <\/div> <\/div> <\/div> <\/div> <\/div><!-- .portflio-set --> <div class=\"portfolio-item-size-container\"> <div class=\"portfolio-item blog-ar col-sm-6 col-xs-12 item-animations-not-inited show-caption-border post-has-author post-26418 post type-post status-publish format-standard has-post-thumbnail category-blog-ar\"> <\/div> <\/div> <\/div><!-- .row--> <\/div><!-- .full-width --> <\/div><!-- .portfolio--> <\/div><!-- .portfolio-preloader-wrapper--><div class=\"clearboth\"><\/div><div class=\"gem-divider \" style=\"margin-top: 75px;\"><\/div>[\/vc_column][\/vc_row]<\/p>\n","protected":false},"excerpt":{"rendered":"<p>[vc_row][vc_column][\/vc_column][\/vc_row]<\/p>\n","protected":false},"author":2,"featured_media":0,"parent":26149,"menu_order":0,"comment_status":"closed","ping_status":"closed","template":"","meta":{"footnotes":""},"class_list":["post-26151","page","type-page","status-publish"],"yoast_head":"<!-- This site is optimized with the Yoast SEO plugin v27.3 - https:\/\/yoast.com\/product\/yoast-seo-wordpress\/ -->\n<title>\u0627\u0644\u0645\u062f\u0648\u0646\u0627\u062a - SBY Dan\u0131\u015fmanl\u0131k<\/title>\n<meta name=\"description\" content=\"Blog haberleri, profesyonel terc\u00fcme ve \u00e7eviri hizmetleri. yeminl tasdikli \u00e7eviri hizmeti, S\u00f6zl\u00fc ve yaz\u0131l\u0131 terc\u00fcme hizmetleri, Yaz\u0131l\u0131 ve S\u00f6zl\u00fc terc\u00fcme\" \/>\n<meta name=\"robots\" content=\"index, follow, max-snippet:-1, max-image-preview:large, max-video-preview:-1\" \/>\n<link rel=\"canonical\" href=\"https:\/\/www.sbydanismanlik.com\/ar\/%d8%a3%d8%ae%d8%a8%d8%a7%d8%b1-%d8%a7%d9%84%d9%85%d8%af%d9%88%d9%86%d8%a9\/%d8%a7%d9%84%d9%85%d8%af%d9%88%d9%86%d8%a7%d8%aa\/\" \/>\n<meta property=\"og:locale\" content=\"ar_AR\" \/>\n<meta property=\"og:type\" content=\"article\" \/>\n<meta property=\"og:title\" content=\"\u0627\u0644\u0645\u062f\u0648\u0646\u0627\u062a - SBY Dan\u0131\u015fmanl\u0131k\" \/>\n<meta property=\"og:description\" content=\"Blog haberleri, profesyonel terc\u00fcme ve \u00e7eviri hizmetleri. yeminl tasdikli \u00e7eviri hizmeti, S\u00f6zl\u00fc ve yaz\u0131l\u0131 terc\u00fcme hizmetleri, Yaz\u0131l\u0131 ve S\u00f6zl\u00fc terc\u00fcme\" \/>\n<meta property=\"og:url\" content=\"https:\/\/www.sbydanismanlik.com\/ar\/%d8%a3%d8%ae%d8%a8%d8%a7%d8%b1-%d8%a7%d9%84%d9%85%d8%af%d9%88%d9%86%d8%a9\/%d8%a7%d9%84%d9%85%d8%af%d9%88%d9%86%d8%a7%d8%aa\/\" \/>\n<meta property=\"og:site_name\" content=\"SBY Dan\u0131\u015fmanl\u0131k\" \/>\n<meta property=\"article:modified_time\" content=\"2020-07-18T16:16:54+00:00\" \/>\n<meta name=\"twitter:card\" content=\"summary_large_image\" \/>\n<script type=\"application\/ld+json\" class=\"yoast-schema-graph\">{\"@context\":\"https:\\\/\\\/schema.org\",\"@graph\":[{\"@type\":\"WebPage\",\"@id\":\"https:\\\/\\\/www.sbydanismanlik.com\\\/ar\\\/%d8%a3%d8%ae%d8%a8%d8%a7%d8%b1-%d8%a7%d9%84%d9%85%d8%af%d9%88%d9%86%d8%a9\\\/%d8%a7%d9%84%d9%85%d8%af%d9%88%d9%86%d8%a7%d8%aa\\\/\",\"url\":\"https:\\\/\\\/www.sbydanismanlik.com\\\/ar\\\/%d8%a3%d8%ae%d8%a8%d8%a7%d8%b1-%d8%a7%d9%84%d9%85%d8%af%d9%88%d9%86%d8%a9\\\/%d8%a7%d9%84%d9%85%d8%af%d9%88%d9%86%d8%a7%d8%aa\\\/\",\"name\":\"\u0627\u0644\u0645\u062f\u0648\u0646\u0627\u062a - SBY Dan\u0131\u015fmanl\u0131k\",\"isPartOf\":{\"@id\":\"https:\\\/\\\/www.sbydanismanlik.com\\\/ar\\\/#website\"},\"datePublished\":\"2018-11-26T13:08:12+00:00\",\"dateModified\":\"2020-07-18T16:16:54+00:00\",\"description\":\"Blog haberleri, profesyonel terc\u00fcme ve \u00e7eviri hizmetleri. yeminl tasdikli \u00e7eviri hizmeti, S\u00f6zl\u00fc ve yaz\u0131l\u0131 terc\u00fcme hizmetleri, Yaz\u0131l\u0131 ve S\u00f6zl\u00fc terc\u00fcme\",\"breadcrumb\":{\"@id\":\"https:\\\/\\\/www.sbydanismanlik.com\\\/ar\\\/%d8%a3%d8%ae%d8%a8%d8%a7%d8%b1-%d8%a7%d9%84%d9%85%d8%af%d9%88%d9%86%d8%a9\\\/%d8%a7%d9%84%d9%85%d8%af%d9%88%d9%86%d8%a7%d8%aa\\\/#breadcrumb\"},\"inLanguage\":\"ar\",\"potentialAction\":[{\"@type\":\"ReadAction\",\"target\":[\"https:\\\/\\\/www.sbydanismanlik.com\\\/ar\\\/%d8%a3%d8%ae%d8%a8%d8%a7%d8%b1-%d8%a7%d9%84%d9%85%d8%af%d9%88%d9%86%d8%a9\\\/%d8%a7%d9%84%d9%85%d8%af%d9%88%d9%86%d8%a7%d8%aa\\\/\"]}]},{\"@type\":\"BreadcrumbList\",\"@id\":\"https:\\\/\\\/www.sbydanismanlik.com\\\/ar\\\/%d8%a3%d8%ae%d8%a8%d8%a7%d8%b1-%d8%a7%d9%84%d9%85%d8%af%d9%88%d9%86%d8%a9\\\/%d8%a7%d9%84%d9%85%d8%af%d9%88%d9%86%d8%a7%d8%aa\\\/#breadcrumb\",\"itemListElement\":[{\"@type\":\"ListItem\",\"position\":1,\"name\":\"Ana sayfa\",\"item\":\"https:\\\/\\\/www.sbydanismanlik.com\\\/ar\\\/\"},{\"@type\":\"ListItem\",\"position\":2,\"name\":\"\u0623\u062e\u0628\u0627\u0631 \u0627\u0644\u0645\u062f\u0648\u0646\u0629\",\"item\":\"https:\\\/\\\/www.sbydanismanlik.com\\\/ar\\\/%d8%a3%d8%ae%d8%a8%d8%a7%d8%b1-%d8%a7%d9%84%d9%85%d8%af%d9%88%d9%86%d8%a9\\\/\"},{\"@type\":\"ListItem\",\"position\":3,\"name\":\"\u0627\u0644\u0645\u062f\u0648\u0646\u0627\u062a\"}]},{\"@type\":\"WebSite\",\"@id\":\"https:\\\/\\\/www.sbydanismanlik.com\\\/ar\\\/#website\",\"url\":\"https:\\\/\\\/www.sbydanismanlik.com\\\/ar\\\/\",\"name\":\"SBY Dan\u0131\u015fmanl\u0131k\",\"description\":\"SBY Dan\u0131\u015fmanl\u0131k Terc\u00fcme Hizmetleri\",\"potentialAction\":[{\"@type\":\"SearchAction\",\"target\":{\"@type\":\"EntryPoint\",\"urlTemplate\":\"https:\\\/\\\/www.sbydanismanlik.com\\\/ar\\\/?s={search_term_string}\"},\"query-input\":{\"@type\":\"PropertyValueSpecification\",\"valueRequired\":true,\"valueName\":\"search_term_string\"}}],\"inLanguage\":\"ar\"}]}<\/script>\n<!-- \/ Yoast SEO plugin. -->","yoast_head_json":{"title":"\u0627\u0644\u0645\u062f\u0648\u0646\u0627\u062a - SBY Dan\u0131\u015fmanl\u0131k","description":"Blog haberleri, profesyonel terc\u00fcme ve \u00e7eviri hizmetleri. yeminl tasdikli \u00e7eviri hizmeti, S\u00f6zl\u00fc ve yaz\u0131l\u0131 terc\u00fcme hizmetleri, Yaz\u0131l\u0131 ve S\u00f6zl\u00fc terc\u00fcme","robots":{"index":"index","follow":"follow","max-snippet":"max-snippet:-1","max-image-preview":"max-image-preview:large","max-video-preview":"max-video-preview:-1"},"canonical":"https:\/\/www.sbydanismanlik.com\/ar\/%d8%a3%d8%ae%d8%a8%d8%a7%d8%b1-%d8%a7%d9%84%d9%85%d8%af%d9%88%d9%86%d8%a9\/%d8%a7%d9%84%d9%85%d8%af%d9%88%d9%86%d8%a7%d8%aa\/","og_locale":"ar_AR","og_type":"article","og_title":"\u0627\u0644\u0645\u062f\u0648\u0646\u0627\u062a - SBY Dan\u0131\u015fmanl\u0131k","og_description":"Blog haberleri, profesyonel terc\u00fcme ve \u00e7eviri hizmetleri. yeminl tasdikli \u00e7eviri hizmeti, S\u00f6zl\u00fc ve yaz\u0131l\u0131 terc\u00fcme hizmetleri, Yaz\u0131l\u0131 ve S\u00f6zl\u00fc terc\u00fcme","og_url":"https:\/\/www.sbydanismanlik.com\/ar\/%d8%a3%d8%ae%d8%a8%d8%a7%d8%b1-%d8%a7%d9%84%d9%85%d8%af%d9%88%d9%86%d8%a9\/%d8%a7%d9%84%d9%85%d8%af%d9%88%d9%86%d8%a7%d8%aa\/","og_site_name":"SBY Dan\u0131\u015fmanl\u0131k","article_modified_time":"2020-07-18T16:16:54+00:00","twitter_card":"summary_large_image","schema":{"@context":"https:\/\/schema.org","@graph":[{"@type":"WebPage","@id":"https:\/\/www.sbydanismanlik.com\/ar\/%d8%a3%d8%ae%d8%a8%d8%a7%d8%b1-%d8%a7%d9%84%d9%85%d8%af%d9%88%d9%86%d8%a9\/%d8%a7%d9%84%d9%85%d8%af%d9%88%d9%86%d8%a7%d8%aa\/","url":"https:\/\/www.sbydanismanlik.com\/ar\/%d8%a3%d8%ae%d8%a8%d8%a7%d8%b1-%d8%a7%d9%84%d9%85%d8%af%d9%88%d9%86%d8%a9\/%d8%a7%d9%84%d9%85%d8%af%d9%88%d9%86%d8%a7%d8%aa\/","name":"\u0627\u0644\u0645\u062f\u0648\u0646\u0627\u062a - SBY Dan\u0131\u015fmanl\u0131k","isPartOf":{"@id":"https:\/\/www.sbydanismanlik.com\/ar\/#website"},"datePublished":"2018-11-26T13:08:12+00:00","dateModified":"2020-07-18T16:16:54+00:00","description":"Blog haberleri, profesyonel terc\u00fcme ve \u00e7eviri hizmetleri. yeminl tasdikli \u00e7eviri hizmeti, S\u00f6zl\u00fc ve yaz\u0131l\u0131 terc\u00fcme hizmetleri, Yaz\u0131l\u0131 ve S\u00f6zl\u00fc terc\u00fcme","breadcrumb":{"@id":"https:\/\/www.sbydanismanlik.com\/ar\/%d8%a3%d8%ae%d8%a8%d8%a7%d8%b1-%d8%a7%d9%84%d9%85%d8%af%d9%88%d9%86%d8%a9\/%d8%a7%d9%84%d9%85%d8%af%d9%88%d9%86%d8%a7%d8%aa\/#breadcrumb"},"inLanguage":"ar","potentialAction":[{"@type":"ReadAction","target":["https:\/\/www.sbydanismanlik.com\/ar\/%d8%a3%d8%ae%d8%a8%d8%a7%d8%b1-%d8%a7%d9%84%d9%85%d8%af%d9%88%d9%86%d8%a9\/%d8%a7%d9%84%d9%85%d8%af%d9%88%d9%86%d8%a7%d8%aa\/"]}]},{"@type":"BreadcrumbList","@id":"https:\/\/www.sbydanismanlik.com\/ar\/%d8%a3%d8%ae%d8%a8%d8%a7%d8%b1-%d8%a7%d9%84%d9%85%d8%af%d9%88%d9%86%d8%a9\/%d8%a7%d9%84%d9%85%d8%af%d9%88%d9%86%d8%a7%d8%aa\/#breadcrumb","itemListElement":[{"@type":"ListItem","position":1,"name":"Ana sayfa","item":"https:\/\/www.sbydanismanlik.com\/ar\/"},{"@type":"ListItem","position":2,"name":"\u0623\u062e\u0628\u0627\u0631 \u0627\u0644\u0645\u062f\u0648\u0646\u0629","item":"https:\/\/www.sbydanismanlik.com\/ar\/%d8%a3%d8%ae%d8%a8%d8%a7%d8%b1-%d8%a7%d9%84%d9%85%d8%af%d9%88%d9%86%d8%a9\/"},{"@type":"ListItem","position":3,"name":"\u0627\u0644\u0645\u062f\u0648\u0646\u0627\u062a"}]},{"@type":"WebSite","@id":"https:\/\/www.sbydanismanlik.com\/ar\/#website","url":"https:\/\/www.sbydanismanlik.com\/ar\/","name":"SBY Dan\u0131\u015fmanl\u0131k","description":"SBY Dan\u0131\u015fmanl\u0131k Terc\u00fcme Hizmetleri","potentialAction":[{"@type":"SearchAction","target":{"@type":"EntryPoint","urlTemplate":"https:\/\/www.sbydanismanlik.com\/ar\/?s={search_term_string}"},"query-input":{"@type":"PropertyValueSpecification","valueRequired":true,"valueName":"search_term_string"}}],"inLanguage":"ar"}]}},"_links":{"self":[{"href":"https:\/\/www.sbydanismanlik.com\/ar\/wp-json\/wp\/v2\/pages\/26151","targetHints":{"allow":["GET"]}}],"collection":[{"href":"https:\/\/www.sbydanismanlik.com\/ar\/wp-json\/wp\/v2\/pages"}],"about":[{"href":"https:\/\/www.sbydanismanlik.com\/ar\/wp-json\/wp\/v2\/types\/page"}],"author":[{"embeddable":true,"href":"https:\/\/www.sbydanismanlik.com\/ar\/wp-json\/wp\/v2\/users\/2"}],"replies":[{"embeddable":true,"href":"https:\/\/www.sbydanismanlik.com\/ar\/wp-json\/wp\/v2\/comments?post=26151"}],"version-history":[{"count":2,"href":"https:\/\/www.sbydanismanlik.com\/ar\/wp-json\/wp\/v2\/pages\/26151\/revisions"}],"predecessor-version":[{"id":26153,"href":"https:\/\/www.sbydanismanlik.com\/ar\/wp-json\/wp\/v2\/pages\/26151\/revisions\/26153"}],"up":[{"embeddable":true,"href":"https:\/\/www.sbydanismanlik.com\/ar\/wp-json\/wp\/v2\/pages\/26149"}],"wp:attachment":[{"href":"https:\/\/www.sbydanismanlik.com\/ar\/wp-json\/wp\/v2\/media?parent=26151"}],"curies":[{"name":"wp","href":"https:\/\/api.w.org\/{rel}","templated":true}]}}